{"id":20,"date":"2023-05-29T16:30:21","date_gmt":"2023-05-29T16:30:21","guid":{"rendered":"https:\/\/www.plus.vijuga.com\/trgovina\/?page_id=20"},"modified":"2024-07-15T10:27:31","modified_gmt":"2024-07-15T08:27:31","slug":"o-meni","status":"publish","type":"page","link":"https:\/\/gea-magia.com\/en\/o-meni\/","title":{"rendered":"About me"},"content":{"rendered":"<div data-elementor-type=\"wp-page\" data-elementor-id=\"20\" class=\"elementor elementor-20\" data-elementor-post-type=\"page\">\n\t\t\t\t\t\t<section class=\"elementor-section elementor-top-section elementor-element elementor-element-a5c4821 elementor-section-boxed elementor-section-height-default elementor-section-height-default\" data-id=\"a5c4821\" data-element_type=\"section\" data-e-type=\"section\">\n\t\t\t\t\t\t<div class=\"elementor-container elementor-column-gap-default\">\n\t\t\t\t\t<div class=\"elementor-column elementor-col-100 elementor-top-column elementor-element elementor-element-a95d2ad\" data-id=\"a95d2ad\" data-element_type=\"column\" data-e-type=\"column\">\n\t\t\t<div class=\"elementor-widget-wrap\">\n\t\t\t\t\t\t\t<\/div>\n\t\t<\/div>\n\t\t\t\t\t<\/div>\n\t\t<\/section>\n\t\t\t\t<section class=\"elementor-section elementor-top-section elementor-element elementor-element-62bf9a0 elementor-section-boxed elementor-section-height-default elementor-section-height-default\" data-id=\"62bf9a0\" data-element_type=\"section\" data-e-type=\"section\">\n\t\t\t\t\t\t<div class=\"elementor-container elementor-column-gap-default\">\n\t\t\t\t\t<div class=\"elementor-column elementor-col-50 elementor-top-column elementor-element elementor-element-9452676\" data-id=\"9452676\" data-element_type=\"column\" data-e-type=\"column\">\n\t\t\t<div class=\"elementor-widget-wrap elementor-element-populated\">\n\t\t\t\t\t\t<div class=\"elementor-element elementor-element-16b7e4e elementor-widget elementor-widget-image\" data-id=\"16b7e4e\" data-element_type=\"widget\" data-e-type=\"widget\" data-widget_type=\"image.default\">\n\t\t\t\t\t\t\t\t\t\t\t\t\t\t\t<img fetchpriority=\"high\" decoding=\"async\" width=\"768\" height=\"1024\" src=\"https:\/\/gea-magia.com\/wp-content\/uploads\/2023\/06\/O-meni-768x1024.webp\" class=\"attachment-medium_large size-medium_large wp-image-127\" alt=\"\" srcset=\"https:\/\/gea-magia.com\/wp-content\/uploads\/2023\/06\/O-meni-768x1024.webp 768w, https:\/\/gea-magia.com\/wp-content\/uploads\/2023\/06\/O-meni-600x800.webp 600w, https:\/\/gea-magia.com\/wp-content\/uploads\/2023\/06\/O-meni-225x300.webp 225w, https:\/\/gea-magia.com\/wp-content\/uploads\/2023\/06\/O-meni-1152x1536.webp 1152w, https:\/\/gea-magia.com\/wp-content\/uploads\/2023\/06\/O-meni.webp 1200w\" sizes=\"(max-width: 768px) 100vw, 768px\" \/>\t\t\t\t\t\t\t\t\t\t\t\t\t\t\t<\/div>\n\t\t\t\t\t<\/div>\n\t\t<\/div>\n\t\t\t\t<div class=\"elementor-column elementor-col-50 elementor-top-column elementor-element elementor-element-2e3c624\" data-id=\"2e3c624\" data-element_type=\"column\" data-e-type=\"column\">\n\t\t\t<div class=\"elementor-widget-wrap elementor-element-populated\">\n\t\t\t\t\t\t<div class=\"elementor-element elementor-element-4a93543 elementor-widget elementor-widget-spacer\" data-id=\"4a93543\" data-element_type=\"widget\" data-e-type=\"widget\" data-widget_type=\"spacer.default\">\n\t\t\t\t\t\t\t<div class=\"elementor-spacer\">\n\t\t\t<div class=\"elementor-spacer-inner\"><\/div>\n\t\t<\/div>\n\t\t\t\t\t\t<\/div>\n\t\t\t\t<div class=\"elementor-element elementor-element-50a80a0 elementor-widget elementor-widget-text-editor\" data-id=\"50a80a0\" data-element_type=\"widget\" data-e-type=\"widget\" data-widget_type=\"text-editor.default\">\n\t\t\t\t\t\t\t\t\t<p><span style=\"color: #060710; font-family: Lora, sans-serif; font-size: 20px; font-style: italic; text-align: center;\">My name is Danijela and my story with mugs started several years ago<\/span><\/p><p><span style=\"color: #060710; font-family: Lora, sans-serif; font-size: 20px; font-style: italic; text-align: center;\">when ceramics suddenly called me and I decided to answer the call.<\/span><\/p><p><span style=\"color: #060710; font-family: Lora, sans-serif; font-size: 20px; font-style: italic; text-align: center;\">I left my job and found myself in the story with clay,<\/span><\/p><p><span style=\"color: #060710; font-family: Lora, sans-serif; font-size: 20px; font-style: italic; text-align: center;\">shaping, decorating, glazing, firing in a kiln\u2026<\/span><\/p><p><span style=\"color: #060710; font-family: Lora, sans-serif; font-size: 20px; font-style: italic; text-align: center;\">\u00a0<\/span><\/p><p><span style=\"color: #060710; font-family: Lora, sans-serif; font-size: 20px; font-style: italic; text-align: center;\">Among all the products  I made, mugs became<\/span><\/p><p><span style=\"color: #060710; font-family: Lora, sans-serif; font-size: 20px; font-style: italic; text-align: center;\">a special source of joy and happiness that they give me during the making,<\/span><\/p><p><span style=\"color: #060710; font-family: Lora, sans-serif; font-size: 20px; font-style: italic; text-align: center;\">the possibility of expressing my personality and fulfilling a creative need.<\/span><\/p>\t\t\t\t\t\t\t\t<\/div>\n\t\t\t\t<div class=\"elementor-element elementor-element-6600346 elementor-widget elementor-widget-spacer\" data-id=\"6600346\" data-element_type=\"widget\" data-e-type=\"widget\" data-widget_type=\"spacer.default\">\n\t\t\t\t\t\t\t<div class=\"elementor-spacer\">\n\t\t\t<div class=\"elementor-spacer-inner\"><\/div>\n\t\t<\/div>\n\t\t\t\t\t\t<\/div>\n\t\t\t\t\t<\/div>\n\t\t<\/div>\n\t\t\t\t\t<\/div>\n\t\t<\/section>\n\t\t\t\t<section class=\"elementor-section elementor-top-section elementor-element elementor-element-ed912b2 elementor-section-boxed elementor-section-height-default elementor-section-height-default\" data-id=\"ed912b2\" data-element_type=\"section\" data-e-type=\"section\">\n\t\t\t\t\t\t<div class=\"elementor-container elementor-column-gap-default\">\n\t\t\t\t\t<div class=\"elementor-column elementor-col-100 elementor-top-column elementor-element elementor-element-4e4bea8\" data-id=\"4e4bea8\" data-element_type=\"column\" data-e-type=\"column\">\n\t\t\t<div class=\"elementor-widget-wrap elementor-element-populated\">\n\t\t\t\t\t\t<div class=\"elementor-element elementor-element-18cd4b6 elementor-widget elementor-widget-text-editor\" data-id=\"18cd4b6\" data-element_type=\"widget\" data-e-type=\"widget\" data-widget_type=\"text-editor.default\">\n\t\t\t\t\t\t\t\t\t<p><span style=\"color: #060710; font-family: Lora, sans-serif; font-size: 20px; font-style: italic; text-align: center;\">The mugs are mostly decorated with botanical elements, hand-painted flowers and imprints of real leafs or twigs.<\/span><\/p>\n<p><span style=\"color: #060710; font-family: Lora, sans-serif; font-size: 20px; font-style: italic; text-align: center;\">This is not a coincidence as I am a huge lover of forest and hiking.<\/span><\/p>\n<p><span style=\"color: #060710; font-family: Lora, sans-serif; font-size: 20px; font-style: italic; text-align: center;\">The family house when the ceramic studio is situated is in Na\u0161ice, Croatia.<\/span><\/p>\n<p><span style=\"color: #060710; font-family: Lora, sans-serif; font-size: 20px; font-style: italic; text-align: center;\">Since my hometown is surrounded by mountains, my idea of a perfect day is always&nbsp;<\/span><span style=\"color: rgb(6, 7, 16); font-family: Lora, sans-serif; font-style: italic;\">within arm's reach:<\/span><\/p>\n<p><span style=\"color: rgb(6, 7, 16); font-family: Lora, sans-serif; font-style: italic;\">walking in the forest with my husband, son and a dog, photographing the mugs surrounded by forest magic<\/span><\/p>\n<p><span style=\"color: #060710; font-family: Lora, sans-serif; font-size: 20px; font-style: italic; text-align: center;\">to show what motivates my while I am making them.<\/span><\/p>\t\t\t\t\t\t\t\t<\/div>\n\t\t\t\t\t<\/div>\n\t\t<\/div>\n\t\t\t\t\t<\/div>\n\t\t<\/section>\n\t\t\t\t<section class=\"elementor-section elementor-top-section elementor-element elementor-element-bc01b6e elementor-section-boxed elementor-section-height-default elementor-section-height-default\" data-id=\"bc01b6e\" data-element_type=\"section\" data-e-type=\"section\">\n\t\t\t\t\t\t<div class=\"elementor-container elementor-column-gap-default\">\n\t\t\t\t\t<div class=\"elementor-column elementor-col-33 elementor-top-column elementor-element elementor-element-c39ab1d\" data-id=\"c39ab1d\" data-element_type=\"column\" data-e-type=\"column\">\n\t\t\t<div class=\"elementor-widget-wrap\">\n\t\t\t\t\t\t\t<\/div>\n\t\t<\/div>\n\t\t\t\t<div class=\"elementor-column elementor-col-33 elementor-top-column elementor-element elementor-element-0541d55\" data-id=\"0541d55\" data-element_type=\"column\" data-e-type=\"column\">\n\t\t\t<div class=\"elementor-widget-wrap elementor-element-populated\">\n\t\t\t\t\t\t<div class=\"elementor-element elementor-element-d6be029 elementor-widget elementor-widget-image\" data-id=\"d6be029\" data-element_type=\"widget\" data-e-type=\"widget\" data-widget_type=\"image.default\">\n\t\t\t\t\t\t\t\t\t\t\t\t\t\t\t<img decoding=\"async\" width=\"768\" height=\"515\" src=\"https:\/\/gea-magia.com\/wp-content\/uploads\/2023\/06\/studio-768x515.webp\" class=\"attachment-medium_large size-medium_large wp-image-128\" alt=\"\" srcset=\"https:\/\/gea-magia.com\/wp-content\/uploads\/2023\/06\/studio-768x515.webp 768w, https:\/\/gea-magia.com\/wp-content\/uploads\/2023\/06\/studio-scaled-600x402.webp 600w, https:\/\/gea-magia.com\/wp-content\/uploads\/2023\/06\/studio-300x201.webp 300w, https:\/\/gea-magia.com\/wp-content\/uploads\/2023\/06\/studio-1024x687.webp 1024w, https:\/\/gea-magia.com\/wp-content\/uploads\/2023\/06\/studio-1536x1030.webp 1536w, https:\/\/gea-magia.com\/wp-content\/uploads\/2023\/06\/studio-2048x1373.webp 2048w\" sizes=\"(max-width: 768px) 100vw, 768px\" \/>\t\t\t\t\t\t\t\t\t\t\t\t\t\t\t<\/div>\n\t\t\t\t\t<\/div>\n\t\t<\/div>\n\t\t\t\t<div class=\"elementor-column elementor-col-33 elementor-top-column elementor-element elementor-element-e36d44d\" data-id=\"e36d44d\" data-element_type=\"column\" data-e-type=\"column\">\n\t\t\t<div class=\"elementor-widget-wrap\">\n\t\t\t\t\t\t\t<\/div>\n\t\t<\/div>\n\t\t\t\t\t<\/div>\n\t\t<\/section>\n\t\t\t\t<section class=\"elementor-section elementor-top-section elementor-element elementor-element-2b59a49 elementor-section-boxed elementor-section-height-default elementor-section-height-default\" data-id=\"2b59a49\" data-element_type=\"section\" data-e-type=\"section\">\n\t\t\t\t\t\t<div class=\"elementor-container elementor-column-gap-default\">\n\t\t\t\t\t<div class=\"elementor-column elementor-col-100 elementor-top-column elementor-element elementor-element-0e616d4\" data-id=\"0e616d4\" data-element_type=\"column\" data-e-type=\"column\">\n\t\t\t<div class=\"elementor-widget-wrap elementor-element-populated\">\n\t\t\t\t\t\t<div class=\"elementor-element elementor-element-887aebf elementor-widget elementor-widget-text-editor\" data-id=\"887aebf\" data-element_type=\"widget\" data-e-type=\"widget\" data-widget_type=\"text-editor.default\">\n\t\t\t\t\t\t\t\t\t<p style=\"font-size: 20px; text-align: center;\"><span style=\"color: #060710; font-family: Lora, sans-serif; font-style: italic;\"><br><\/span><\/p><p style=\"font-size: 20px; text-align: center;\"><span style=\"color: #060710; font-family: Lora, sans-serif; font-style: italic;\">I named the brand Gea Magia because I think there is something special in a product  handcrafted from earth<\/span><\/p>\n<p style=\"font-size: 20px; text-align: center;\"><span style=\"color: #060710; font-family: Lora, sans-serif; font-style: italic;\">and that this primal energy can make little drinking rituals very special.<\/span><\/p>\n<p style=\"font-size: 20px; text-align: center;\"><span style=\"color: #060710; font-family: Lora, sans-serif; font-style: italic;\">This is what you receive by purchasing Gea Magia mugs: The softness of forest, calmness, love and warmth in your hands.<\/span><\/p>\t\t\t\t\t\t\t\t<\/div>\n\t\t\t\t\t<\/div>\n\t\t<\/div>\n\t\t\t\t\t<\/div>\n\t\t<\/section>\n\t\t\t\t<section class=\"elementor-section elementor-top-section elementor-element elementor-element-8962770 elementor-section-boxed elementor-section-height-default elementor-section-height-default\" data-id=\"8962770\" data-element_type=\"section\" data-e-type=\"section\">\n\t\t\t\t\t\t<div class=\"elementor-container elementor-column-gap-default\">\n\t\t\t\t\t<div class=\"elementor-column elementor-col-100 elementor-top-column elementor-element elementor-element-bc408fd\" data-id=\"bc408fd\" data-element_type=\"column\" data-e-type=\"column\">\n\t\t\t<div class=\"elementor-widget-wrap elementor-element-populated\">\n\t\t\t\t\t\t<div class=\"elementor-element elementor-element-67cfc1f elementor-align-center elementor-widget elementor-widget-button\" data-id=\"67cfc1f\" data-element_type=\"widget\" data-e-type=\"widget\" data-widget_type=\"button.default\">\n\t\t\t\t\t\t\t\t\t\t<a class=\"elementor-button elementor-button-link elementor-size-md elementor-animation-skew-backward\" href=\"https:\/\/gea-magia.com\/en\/trgovina\/\">\n\t\t\t\t\t\t<span class=\"elementor-button-content-wrapper\">\n\t\t\t\t\t\t\t\t\t<span class=\"elementor-button-text\">Pick Your mug here<\/span>\n\t\t\t\t\t<\/span>\n\t\t\t\t\t<\/a>\n\t\t\t\t\t\t\t\t<\/div>\n\t\t\t\t\t<\/div>\n\t\t<\/div>\n\t\t\t\t\t<\/div>\n\t\t<\/section>\n\t\t\t\t<\/div>","protected":false},"excerpt":{"rendered":"<p>Zovem se Danijela, i moja pri\u010da sa \u0161alicama je zapo\u010dela prije nekoliko godina, kada me je keramika nenadano pozvala, a ja sam se odlu\u010dila odazvati. Napustila sam radno mjesto i na\u0161la se u pri\u010di s glinom, oblikovanjem, ukra\u0161avanjem, glazurama, paljenjem u pe\u0107i.. \u00a0 Od svih predmeta koje sam izra\u0111ivala, \u0161alice su isplivale kao poseban izvor [&hellip;]<\/p>\n","protected":false},"author":1,"featured_media":0,"parent":0,"menu_order":0,"comment_status":"closed","ping_status":"closed","template":"elementor_header_footer","meta":{"_glsr_average":0,"_glsr_ranking":0,"_glsr_reviews":0,"footnotes":""},"class_list":["post-20","page","type-page","status-publish","hentry"],"_links":{"self":[{"href":"https:\/\/gea-magia.com\/en\/wp-json\/wp\/v2\/pages\/20","targetHints":{"allow":["GET"]}}],"collection":[{"href":"https:\/\/gea-magia.com\/en\/wp-json\/wp\/v2\/pages"}],"about":[{"href":"https:\/\/gea-magia.com\/en\/wp-json\/wp\/v2\/types\/page"}],"author":[{"embeddable":true,"href":"https:\/\/gea-magia.com\/en\/wp-json\/wp\/v2\/users\/1"}],"replies":[{"embeddable":true,"href":"https:\/\/gea-magia.com\/en\/wp-json\/wp\/v2\/comments?post=20"}],"version-history":[{"count":5,"href":"https:\/\/gea-magia.com\/en\/wp-json\/wp\/v2\/pages\/20\/revisions"}],"predecessor-version":[{"id":1605,"href":"https:\/\/gea-magia.com\/en\/wp-json\/wp\/v2\/pages\/20\/revisions\/1605"}],"wp:attachment":[{"href":"https:\/\/gea-magia.com\/en\/wp-json\/wp\/v2\/media?parent=20"}],"curies":[{"name":"wp","href":"https:\/\/api.w.org\/{rel}","templated":true}]}}