{"id":245,"date":"2023-06-26T06:47:15","date_gmt":"2023-06-26T06:47:15","guid":{"rendered":"https:\/\/www.plus.vijuga.com\/trgovina\/?page_id=245"},"modified":"2023-06-26T07:10:42","modified_gmt":"2023-06-26T07:10:42","slug":"recenzija","status":"publish","type":"page","link":"https:\/\/gea-magia.com\/en\/recenzija\/","title":{"rendered":"Recenzija"},"content":{"rendered":"\t\t<div data-elementor-type=\"wp-page\" data-elementor-id=\"245\" class=\"elementor elementor-245\" data-elementor-post-type=\"page\">\n\t\t\t\t\t\t<section class=\"elementor-section elementor-top-section elementor-element elementor-element-9fb907a elementor-section-boxed elementor-section-height-default elementor-section-height-default\" data-id=\"9fb907a\" data-element_type=\"section\" data-e-type=\"section\">\n\t\t\t\t\t\t<div class=\"elementor-container elementor-column-gap-default\">\n\t\t\t\t\t<div class=\"elementor-column elementor-col-100 elementor-top-column elementor-element elementor-element-1a0bd51\" data-id=\"1a0bd51\" data-element_type=\"column\" data-e-type=\"column\">\n\t\t\t<div class=\"elementor-widget-wrap elementor-element-populated\">\n\t\t\t\t\t\t<div class=\"elementor-element elementor-element-58f4a6d elementor-button-align-stretch elementor-widget elementor-widget-site_reviews_form\" data-id=\"58f4a6d\" data-element_type=\"widget\" data-e-type=\"widget\" data-widget_type=\"site_reviews_form.default\">\n\t\t\t\t<div class=\"elementor-widget-container\">\n\t\t\t\t\t<?xml encoding=\"utf-8\"?><div class=\"glsr-elementor-58f4a6d elementor-site-reviews-form\"><div class=\"glsr glsr-default\" id=\"glsr_06pe1ns4\" data-from=\"elementor\" data-shortcode=\"site_reviews_form\"><div class=\"glsr-form-wrap\">\n    <form class=\"glsr-form glsr-review-form\" method=\"post\" enctype=\"multipart\/form-data\">\n        <input type=\"hidden\" name=\"site-reviews[_action]\" value=\"submit-review\">\n<input type=\"hidden\" name=\"site-reviews[_nonce]\" value=\"fd7904abed\">\n<input type=\"hidden\" name=\"site-reviews[_post_id]\" value=\"245\">\n<input type=\"hidden\" name=\"site-reviews[_referer]\" value=\"\">\n<input type=\"hidden\" name=\"site-reviews[assigned_posts]\" value=\"\">\n<input type=\"hidden\" name=\"site-reviews[assigned_terms]\" value=\"\">\n<input type=\"hidden\" name=\"site-reviews[assigned_users]\" value=\"\">\n<input type=\"hidden\" name=\"site-reviews[excluded]\" value=\"\">\n<input type=\"hidden\" name=\"site-reviews[form_id]\" value=\"glsr_06pe1ns4\">\n<input type=\"hidden\" name=\"site-reviews[form_signature]\" value=\"dX3NnfnsS0KVoQxvrdqkAIDlRIM9CHz_Cbdo19sXzd9HeLn4csWyvouprS7ijGWYLFAS-hx-8PYLlmaqVMYe5O8XPaxoYzOcRtLqJpwBIVQZ8KB9uXGK3S5qD-J3GX7FOUpydaxo2ZY5O5t5Ni-1AR0NhpGp5ULRGN2EG4_eN8tjFVopsnuvi9St9kQKG1xXdLm6Ev-6U5MZyRX9SVCHBPbUMae7pHe7MgVobWZx8zn0-AV2O_vxXvp14J_2TNw0IultzBv1XJpnYqSEv6tVUuqRJm6q4H2ouuDqmE29NE1jolem10ByykqzMT98jEzDGwG_N7oW9WOiRhlYf7CB3zgilrVBwovMdCHBeuxt0dkU72WKuuqRKNHqrjj8NoaV_efqV7nEFC90JlboZDk3IkePoyf1nd_mV71BOHFdpflSe-gb_4gg04xwUA\">\n<input type=\"hidden\" name=\"site-reviews[terms_exist]\" value=\"1\">\n<div class=\"glsr-field\" style=\"display:none;\"><label for=\"site-reviews-38a952fa-glsr_06pe1ns4\">Your review<\/label><input type=\"text\" class=\"glsr-input glsr-input-text\" id=\"site-reviews-38a952fa-glsr_06pe1ns4\" name=\"site-reviews[38a952fa]\" value=\"\"><\/div>\n<div class=\"glsr-field glsr-field-rating glsr-required\" data-field=\"rating\" data-type=\"rating\">\n    <label class=\"glsr-label\" for=\"glsr_06pe1ns4-rating\">\n    <span>Your overall rating<\/span>\n<\/label>\n    <select class=\"browser-default disable-select glsr-select no-wrap no_wrap\" id=\"glsr_06pe1ns4-rating\" name=\"site-reviews[rating]\" required><option value=\"\">Select a Rating<\/option><option value=\"5\">5 Stars<\/option><option value=\"4\">4 Stars<\/option><option value=\"3\">3 Stars<\/option><option value=\"2\">2 Stars<\/option><option value=\"1\">1 Star<\/option><\/select>\n    <div class=\"glsr-field-error\"><\/div>\n<\/div>\n<div class=\"glsr-field glsr-field-text glsr-required\" data-field=\"title\" data-type=\"text\">\n    <label class=\"glsr-label\" for=\"glsr_06pe1ns4-title\">\n    <span>Title of your review<\/span>\n<\/label>\n    <input type=\"text\" class=\"glsr-input glsr-input-text\" id=\"glsr_06pe1ns4-title\" name=\"site-reviews[title]\" required placeholder=\"Summarize your review or highlight an interesting detail\" value=\"\">\n    <div class=\"glsr-field-error\"><\/div>\n<\/div>\n<div class=\"glsr-field glsr-field-textarea glsr-required\" data-field=\"content\" data-type=\"textarea\">\n    <label class=\"glsr-label\" for=\"glsr_06pe1ns4-content\">\n    <span>Your review<\/span>\n<\/label>\n    <textarea class=\"glsr-textarea\" id=\"glsr_06pe1ns4-content\" name=\"site-reviews[content]\" required placeholder=\"Tell people your review\" rows=\"5\"><\/textarea>\n    <div class=\"glsr-field-error\"><\/div>\n<\/div>\n<div class=\"glsr-field glsr-field-text glsr-required\" data-field=\"name\" data-type=\"text\">\n    <label class=\"glsr-label\" for=\"glsr_06pe1ns4-name\">\n    <span>Your name<\/span>\n<\/label>\n    <input type=\"text\" class=\"glsr-input glsr-input-text\" id=\"glsr_06pe1ns4-name\" name=\"site-reviews[name]\" required placeholder=\"Tell us your name\" value=\"\">\n    <div class=\"glsr-field-error\"><\/div>\n<\/div>\n<div class=\"glsr-field glsr-field-email glsr-required\" data-field=\"email\" data-type=\"email\">\n    <label class=\"glsr-label\" for=\"glsr_06pe1ns4-email\">\n    <span>Your email<\/span>\n<\/label>\n    <input type=\"email\" class=\"glsr-input glsr-input-email\" id=\"glsr_06pe1ns4-email\" name=\"site-reviews[email]\" required placeholder=\"Tell us your email\" value=\"\">\n    <div class=\"glsr-field-error\"><\/div>\n<\/div>\n<div class=\"glsr-field glsr-field-choice glsr-required\" data-field=\"terms\" data-type=\"toggle\">\n    \n    <div class=\"glsr-field-subgroup\">\n        <span class=\"glsr-field-toggle\">\n    <span>\n        <span class=\"glsr-toggle\"><input type=\"checkbox\" class=\"glsr-input-toggle\" id=\"glsr_06pe1ns4-terms-1\" name=\"site-reviews[terms]\" required value=\"1\"><span class=\"glsr-toggle-track\"><\/span><\/span>\n    <\/span>\n    <label for=\"glsr_06pe1ns4-terms-1\">This review is based on my own experience and is my genuine opinion.<\/label>\n<\/span>\n    <\/div>\n    <div class=\"glsr-field-error\"><\/div>\n<\/div>\n        <div class=\"glsr-form-message\">\n    \n<\/div>\n        <div data-field=\"submit-button\">\n    <div class=\"wp-block-buttons is-layout-flex\">\n        <div class=\"wp-block-button\">\n            <button type=\"submit\" class=\"glsr-button wp-block-button__link wp-element-button\" aria-busy=\"false\" data-loading=\"Submitting, please wait...\">Submit Review<\/button>\n        <\/div>\n    <\/div>\n<\/div>\n    <\/form>\n<\/div><\/div><\/div>\n\t\t\t\t<\/div>\n\t\t\t\t<\/div>\n\t\t\t\t\t<\/div>\n\t\t<\/div>\n\t\t\t\t\t<\/div>\n\t\t<\/section>\n\t\t\t\t<\/div>\n\t\t","protected":false},"excerpt":{"rendered":"<p>Va\u0161a recenzija Broj zvjezdica kojim ocjenjujete Gea Magia Select a Rating5 Stars4 Stars3 Stars2 Stars1 Star Naslov Va\u0161a recenzija Va\u0161e ime Email Ova recenzija je moje iskustvo sa kupovinom na Gea Magia i moje je istinsko mi\u0161ljenje. &#8203; Po\u0161alji recenziju<\/p>","protected":false},"author":1,"featured_media":0,"parent":0,"menu_order":0,"comment_status":"closed","ping_status":"closed","template":"elementor_header_footer","meta":{"_glsr_average":0,"_glsr_ranking":0,"_glsr_reviews":0,"footnotes":""},"class_list":["post-245","page","type-page","status-publish","hentry"],"yoast_head":"<!-- This site is optimized with the Yoast SEO plugin v27.4 - https:\/\/yoast.com\/product\/yoast-seo-wordpress\/ -->\n<title>Recenzija - Gea Magia<\/title>\n<meta name=\"robots\" content=\"index, follow, max-snippet:-1, max-image-preview:large, max-video-preview:-1\" \/>\n<link rel=\"canonical\" href=\"https:\/\/gea-magia.com\/en\/recenzija\/\" \/>\n<meta property=\"og:locale\" content=\"en_GB\" \/>\n<meta property=\"og:type\" content=\"article\" \/>\n<meta property=\"og:title\" content=\"Recenzija - Gea Magia\" \/>\n<meta property=\"og:description\" content=\"Va\u0161a recenzija Broj zvjezdica kojim ocjenjujete Gea Magia Select a Rating5 Stars4 Stars3 Stars2 Stars1 Star Naslov Va\u0161a recenzija Va\u0161e ime Email Ova recenzija je moje iskustvo sa kupovinom na Gea Magia i moje je istinsko mi\u0161ljenje. &#8203; Po\u0161alji recenziju\" \/>\n<meta property=\"og:url\" content=\"https:\/\/gea-magia.com\/en\/recenzija\/\" \/>\n<meta property=\"og:site_name\" content=\"Gea Magia\" \/>\n<meta property=\"article:modified_time\" content=\"2023-06-26T07:10:42+00:00\" \/>\n<meta name=\"twitter:card\" content=\"summary_large_image\" \/>\n<script type=\"application\/ld+json\" class=\"yoast-schema-graph\">{\"@context\":\"https:\\\/\\\/schema.org\",\"@graph\":[{\"@type\":\"WebPage\",\"@id\":\"https:\\\/\\\/gea-magia.com\\\/recenzija\\\/\",\"url\":\"https:\\\/\\\/gea-magia.com\\\/recenzija\\\/\",\"name\":\"Recenzija - Gea Magia\",\"isPartOf\":{\"@id\":\"https:\\\/\\\/gea-magia.com\\\/hr\\\/#website\"},\"datePublished\":\"2023-06-26T06:47:15+00:00\",\"dateModified\":\"2023-06-26T07:10:42+00:00\",\"breadcrumb\":{\"@id\":\"https:\\\/\\\/gea-magia.com\\\/recenzija\\\/#breadcrumb\"},\"inLanguage\":\"en-GB\",\"potentialAction\":[{\"@type\":\"ReadAction\",\"target\":[\"https:\\\/\\\/gea-magia.com\\\/recenzija\\\/\"]}]},{\"@type\":\"BreadcrumbList\",\"@id\":\"https:\\\/\\\/gea-magia.com\\\/recenzija\\\/#breadcrumb\",\"itemListElement\":[{\"@type\":\"ListItem\",\"position\":1,\"name\":\"Po\u010detna stranica\",\"item\":\"https:\\\/\\\/gea-magia.com\\\/\"},{\"@type\":\"ListItem\",\"position\":2,\"name\":\"Recenzija\"}]},{\"@type\":\"WebSite\",\"@id\":\"https:\\\/\\\/gea-magia.com\\\/hr\\\/#website\",\"url\":\"https:\\\/\\\/gea-magia.com\\\/hr\\\/\",\"name\":\"Gea Magia\",\"description\":\"\",\"publisher\":{\"@id\":\"https:\\\/\\\/gea-magia.com\\\/hr\\\/#organization\"},\"potentialAction\":[{\"@type\":\"SearchAction\",\"target\":{\"@type\":\"EntryPoint\",\"urlTemplate\":\"https:\\\/\\\/gea-magia.com\\\/hr\\\/?s={search_term_string}\"},\"query-input\":{\"@type\":\"PropertyValueSpecification\",\"valueRequired\":true,\"valueName\":\"search_term_string\"}}],\"inLanguage\":\"en-GB\"},{\"@type\":\"Organization\",\"@id\":\"https:\\\/\\\/gea-magia.com\\\/hr\\\/#organization\",\"name\":\"Gea Magia\",\"url\":\"https:\\\/\\\/gea-magia.com\\\/hr\\\/\",\"logo\":{\"@type\":\"ImageObject\",\"inLanguage\":\"en-GB\",\"@id\":\"https:\\\/\\\/gea-magia.com\\\/hr\\\/#\\\/schema\\\/logo\\\/image\\\/\",\"url\":\"https:\\\/\\\/gea-magia.com\\\/wp-content\\\/uploads\\\/2023\\\/06\\\/oie_transparent.webp\",\"contentUrl\":\"https:\\\/\\\/gea-magia.com\\\/wp-content\\\/uploads\\\/2023\\\/06\\\/oie_transparent.webp\",\"width\":500,\"height\":500,\"caption\":\"Gea Magia\"},\"image\":{\"@id\":\"https:\\\/\\\/gea-magia.com\\\/hr\\\/#\\\/schema\\\/logo\\\/image\\\/\"},\"sameAs\":[\"https:\\\/\\\/www.instagram.com\\\/gea.magia\"]}]}<\/script>\n<!-- \/ Yoast SEO plugin. -->","yoast_head_json":{"title":"Recenzija - Gea Magia","robots":{"index":"index","follow":"follow","max-snippet":"max-snippet:-1","max-image-preview":"max-image-preview:large","max-video-preview":"max-video-preview:-1"},"canonical":"https:\/\/gea-magia.com\/en\/recenzija\/","og_locale":"en_GB","og_type":"article","og_title":"Recenzija - Gea Magia","og_description":"Va\u0161a recenzija Broj zvjezdica kojim ocjenjujete Gea Magia Select a Rating5 Stars4 Stars3 Stars2 Stars1 Star Naslov Va\u0161a recenzija Va\u0161e ime Email Ova recenzija je moje iskustvo sa kupovinom na Gea Magia i moje je istinsko mi\u0161ljenje. &#8203; Po\u0161alji recenziju","og_url":"https:\/\/gea-magia.com\/en\/recenzija\/","og_site_name":"Gea Magia","article_modified_time":"2023-06-26T07:10:42+00:00","twitter_card":"summary_large_image","schema":{"@context":"https:\/\/schema.org","@graph":[{"@type":"WebPage","@id":"https:\/\/gea-magia.com\/recenzija\/","url":"https:\/\/gea-magia.com\/recenzija\/","name":"Recenzija - Gea Magia","isPartOf":{"@id":"https:\/\/gea-magia.com\/hr\/#website"},"datePublished":"2023-06-26T06:47:15+00:00","dateModified":"2023-06-26T07:10:42+00:00","breadcrumb":{"@id":"https:\/\/gea-magia.com\/recenzija\/#breadcrumb"},"inLanguage":"en-GB","potentialAction":[{"@type":"ReadAction","target":["https:\/\/gea-magia.com\/recenzija\/"]}]},{"@type":"BreadcrumbList","@id":"https:\/\/gea-magia.com\/recenzija\/#breadcrumb","itemListElement":[{"@type":"ListItem","position":1,"name":"Po\u010detna stranica","item":"https:\/\/gea-magia.com\/"},{"@type":"ListItem","position":2,"name":"Recenzija"}]},{"@type":"WebSite","@id":"https:\/\/gea-magia.com\/hr\/#website","url":"https:\/\/gea-magia.com\/hr\/","name":"Gea Magia","description":"","publisher":{"@id":"https:\/\/gea-magia.com\/hr\/#organization"},"potentialAction":[{"@type":"SearchAction","target":{"@type":"EntryPoint","urlTemplate":"https:\/\/gea-magia.com\/hr\/?s={search_term_string}"},"query-input":{"@type":"PropertyValueSpecification","valueRequired":true,"valueName":"search_term_string"}}],"inLanguage":"en-GB"},{"@type":"Organization","@id":"https:\/\/gea-magia.com\/hr\/#organization","name":"Gea Magia","url":"https:\/\/gea-magia.com\/hr\/","logo":{"@type":"ImageObject","inLanguage":"en-GB","@id":"https:\/\/gea-magia.com\/hr\/#\/schema\/logo\/image\/","url":"https:\/\/gea-magia.com\/wp-content\/uploads\/2023\/06\/oie_transparent.webp","contentUrl":"https:\/\/gea-magia.com\/wp-content\/uploads\/2023\/06\/oie_transparent.webp","width":500,"height":500,"caption":"Gea Magia"},"image":{"@id":"https:\/\/gea-magia.com\/hr\/#\/schema\/logo\/image\/"},"sameAs":["https:\/\/www.instagram.com\/gea.magia"]}]}},"_links":{"self":[{"href":"https:\/\/gea-magia.com\/en\/wp-json\/wp\/v2\/pages\/245","targetHints":{"allow":["GET"]}}],"collection":[{"href":"https:\/\/gea-magia.com\/en\/wp-json\/wp\/v2\/pages"}],"about":[{"href":"https:\/\/gea-magia.com\/en\/wp-json\/wp\/v2\/types\/page"}],"author":[{"embeddable":true,"href":"https:\/\/gea-magia.com\/en\/wp-json\/wp\/v2\/users\/1"}],"replies":[{"embeddable":true,"href":"https:\/\/gea-magia.com\/en\/wp-json\/wp\/v2\/comments?post=245"}],"version-history":[{"count":0,"href":"https:\/\/gea-magia.com\/en\/wp-json\/wp\/v2\/pages\/245\/revisions"}],"wp:attachment":[{"href":"https:\/\/gea-magia.com\/en\/wp-json\/wp\/v2\/media?parent=245"}],"curies":[{"name":"wp","href":"https:\/\/api.w.org\/{rel}","templated":true}]}}