{"id":1077,"date":"2023-11-07T10:18:51","date_gmt":"2023-11-07T09:18:51","guid":{"rendered":"https:\/\/gea-magia.hr\/?post_type=product&#038;p=1077"},"modified":"2026-04-14T21:57:09","modified_gmt":"2026-04-14T19:57:09","slug":"tanjuric-br-2","status":"publish","type":"product","link":"https:\/\/gea-magia.com\/en\/product\/tanjuric-br-2\/","title":{"rendered":"Tanjuri\u0107 br. 2"},"content":{"rendered":"<p><span style=\"font-weight: 400;\">It is necessary to treat the plate with care. It is not recommended to wash in a dishwasher, nor to use in a microwave oven because gold has been applied. Even though they are of the same design, the plates are not completely the same, namely, hand-made and hand-painted brings small irregularities and freedom of the artist, which is exactly the charm and warmth of handmade items. The photos are symbolic, so that you can see the size of the saucer in relation to the different models of cups.<\/span><\/p>\n<p>Each saucer arrives packed in its own box, on which there are no inscriptions or stickers, so that you can reuse it for your needs. When placing an order, I use used boxes and  protect plates with used materials whenever possible.<\/p>\n<p><span style=\"font-weight: 400;\">The dimensions of the saucer are approx. 17 cm x 12 cm. The height of the edge is approx. 2 cm.<\/span><\/p>","protected":false},"excerpt":{"rendered":"<p><span style=\"font-weight: 400;\">The saucer for cups is completely handmade, glazed with transparent glaze. It is made of stoneware, a type of ceramic characterized by high durability and non-porosity. The color of the clay is light beige. The edges of the saucers are decorated with real gold.<\/span><\/p>","protected":false},"featured_media":1728,"comment_status":"open","ping_status":"closed","template":"","meta":{"_glsr_average":0,"_glsr_ranking":0,"_glsr_reviews":0},"product_brand":[],"product_cat":[35,17,46,16],"product_tag":[],"class_list":{"0":"post-1077","1":"product","2":"type-product","3":"status-publish","4":"has-post-thumbnail","6":"product_cat-bozicne-salice","7":"product_cat-cvjetne-salice","8":"product_cat-grancica","9":"product_cat-list","11":"first","12":"instock","13":"taxable","14":"shipping-taxable","15":"purchasable","16":"product-type-simple"},"yoast_head":"<!-- This site is optimized with the Yoast SEO plugin v27.4 - https:\/\/yoast.com\/product\/yoast-seo-wordpress\/ -->\n<title>Tanjuri\u0107 br. 2 - Gea Magia<\/title>\n<meta name=\"robots\" content=\"index, follow, max-snippet:-1, max-image-preview:large, max-video-preview:-1\" \/>\n<link rel=\"canonical\" href=\"https:\/\/gea-magia.com\/en\/product\/tanjuric-br-2\/\" \/>\n<meta property=\"og:locale\" content=\"en_GB\" \/>\n<meta property=\"og:type\" content=\"article\" \/>\n<meta property=\"og:title\" content=\"Tanjuri\u0107 br. 2 - Gea Magia\" \/>\n<meta property=\"og:description\" content=\"Tanjuri\u0107 za \u0161alice je u potpunosti ru\u010dno izra\u0111en, glaziran transparentnom glazurom. Izra\u0111en je od kamenine (stoneware), vrste keramike koju odlikuje visoka izdr\u017eljivost i neporoznost. Boja gline je svijetlo be\u017e. Rubovi tanjuri\u0107a su ukra\u0161eni pravim zlatom.\" \/>\n<meta property=\"og:url\" content=\"https:\/\/gea-magia.com\/en\/product\/tanjuric-br-2\/\" \/>\n<meta property=\"og:site_name\" content=\"Gea Magia\" \/>\n<meta property=\"article:modified_time\" content=\"2026-04-14T19:57:09+00:00\" \/>\n<meta property=\"og:image\" content=\"https:\/\/gea-magia.com\/wp-content\/uploads\/2023\/11\/20241011_1321462-scaled.jpg\" \/>\n\t<meta property=\"og:image:width\" content=\"1839\" \/>\n\t<meta property=\"og:image:height\" content=\"2560\" \/>\n\t<meta property=\"og:image:type\" content=\"image\/jpeg\" \/>\n<meta name=\"twitter:card\" content=\"summary_large_image\" \/>\n<meta name=\"twitter:label1\" content=\"Estimated reading time\" \/>\n\t<meta name=\"twitter:data1\" content=\"1 minute\" \/>\n<script type=\"application\/ld+json\" class=\"yoast-schema-graph\">{\"@context\":\"https:\\\/\\\/schema.org\",\"@graph\":[{\"@type\":\"WebPage\",\"@id\":\"https:\\\/\\\/gea-magia.com\\\/proizvod\\\/tanjuric-br-2\\\/\",\"url\":\"https:\\\/\\\/gea-magia.com\\\/proizvod\\\/tanjuric-br-2\\\/\",\"name\":\"Tanjuri\u0107 br. 2 - Gea Magia\",\"isPartOf\":{\"@id\":\"https:\\\/\\\/gea-magia.com\\\/hr\\\/#website\"},\"primaryImageOfPage\":{\"@id\":\"https:\\\/\\\/gea-magia.com\\\/proizvod\\\/tanjuric-br-2\\\/#primaryimage\"},\"image\":{\"@id\":\"https:\\\/\\\/gea-magia.com\\\/proizvod\\\/tanjuric-br-2\\\/#primaryimage\"},\"thumbnailUrl\":\"https:\\\/\\\/gea-magia.com\\\/wp-content\\\/uploads\\\/2023\\\/11\\\/20241011_1321462-scaled.jpg\",\"datePublished\":\"2023-11-07T09:18:51+00:00\",\"dateModified\":\"2026-04-14T19:57:09+00:00\",\"breadcrumb\":{\"@id\":\"https:\\\/\\\/gea-magia.com\\\/proizvod\\\/tanjuric-br-2\\\/#breadcrumb\"},\"inLanguage\":\"en-GB\",\"potentialAction\":[{\"@type\":\"ReadAction\",\"target\":[\"https:\\\/\\\/gea-magia.com\\\/proizvod\\\/tanjuric-br-2\\\/\"]}]},{\"@type\":\"ImageObject\",\"inLanguage\":\"en-GB\",\"@id\":\"https:\\\/\\\/gea-magia.com\\\/proizvod\\\/tanjuric-br-2\\\/#primaryimage\",\"url\":\"https:\\\/\\\/gea-magia.com\\\/wp-content\\\/uploads\\\/2023\\\/11\\\/20241011_1321462-scaled.jpg\",\"contentUrl\":\"https:\\\/\\\/gea-magia.com\\\/wp-content\\\/uploads\\\/2023\\\/11\\\/20241011_1321462-scaled.jpg\",\"width\":1839,\"height\":2560},{\"@type\":\"BreadcrumbList\",\"@id\":\"https:\\\/\\\/gea-magia.com\\\/proizvod\\\/tanjuric-br-2\\\/#breadcrumb\",\"itemListElement\":[{\"@type\":\"ListItem\",\"position\":1,\"name\":\"Po\u010detna stranica\",\"item\":\"https:\\\/\\\/gea-magia.com\\\/\"},{\"@type\":\"ListItem\",\"position\":2,\"name\":\"Trgovina\",\"item\":\"https:\\\/\\\/gea-magia.com\\\/hr\\\/trgovina\\\/\"},{\"@type\":\"ListItem\",\"position\":3,\"name\":\"Tanjuri\u0107 br. 2\"}]},{\"@type\":\"WebSite\",\"@id\":\"https:\\\/\\\/gea-magia.com\\\/hr\\\/#website\",\"url\":\"https:\\\/\\\/gea-magia.com\\\/hr\\\/\",\"name\":\"Gea Magia\",\"description\":\"\",\"publisher\":{\"@id\":\"https:\\\/\\\/gea-magia.com\\\/hr\\\/#organization\"},\"potentialAction\":[{\"@type\":\"SearchAction\",\"target\":{\"@type\":\"EntryPoint\",\"urlTemplate\":\"https:\\\/\\\/gea-magia.com\\\/hr\\\/?s={search_term_string}\"},\"query-input\":{\"@type\":\"PropertyValueSpecification\",\"valueRequired\":true,\"valueName\":\"search_term_string\"}}],\"inLanguage\":\"en-GB\"},{\"@type\":\"Organization\",\"@id\":\"https:\\\/\\\/gea-magia.com\\\/hr\\\/#organization\",\"name\":\"Gea Magia\",\"url\":\"https:\\\/\\\/gea-magia.com\\\/hr\\\/\",\"logo\":{\"@type\":\"ImageObject\",\"inLanguage\":\"en-GB\",\"@id\":\"https:\\\/\\\/gea-magia.com\\\/hr\\\/#\\\/schema\\\/logo\\\/image\\\/\",\"url\":\"https:\\\/\\\/gea-magia.com\\\/wp-content\\\/uploads\\\/2023\\\/06\\\/oie_transparent.webp\",\"contentUrl\":\"https:\\\/\\\/gea-magia.com\\\/wp-content\\\/uploads\\\/2023\\\/06\\\/oie_transparent.webp\",\"width\":500,\"height\":500,\"caption\":\"Gea Magia\"},\"image\":{\"@id\":\"https:\\\/\\\/gea-magia.com\\\/hr\\\/#\\\/schema\\\/logo\\\/image\\\/\"},\"sameAs\":[\"https:\\\/\\\/www.instagram.com\\\/gea.magia\"]}]}<\/script>\n<!-- \/ Yoast SEO plugin. -->","yoast_head_json":{"title":"Tanjuri\u0107 br. 2 - Gea Magia","robots":{"index":"index","follow":"follow","max-snippet":"max-snippet:-1","max-image-preview":"max-image-preview:large","max-video-preview":"max-video-preview:-1"},"canonical":"https:\/\/gea-magia.com\/en\/product\/tanjuric-br-2\/","og_locale":"en_GB","og_type":"article","og_title":"Tanjuri\u0107 br. 2 - Gea Magia","og_description":"Tanjuri\u0107 za \u0161alice je u potpunosti ru\u010dno izra\u0111en, glaziran transparentnom glazurom. Izra\u0111en je od kamenine (stoneware), vrste keramike koju odlikuje visoka izdr\u017eljivost i neporoznost. Boja gline je svijetlo be\u017e. Rubovi tanjuri\u0107a su ukra\u0161eni pravim zlatom.","og_url":"https:\/\/gea-magia.com\/en\/product\/tanjuric-br-2\/","og_site_name":"Gea Magia","article_modified_time":"2026-04-14T19:57:09+00:00","og_image":[{"width":1839,"height":2560,"url":"https:\/\/gea-magia.com\/wp-content\/uploads\/2023\/11\/20241011_1321462-scaled.jpg","type":"image\/jpeg"}],"twitter_card":"summary_large_image","twitter_misc":{"Estimated reading time":"1 minute"},"schema":{"@context":"https:\/\/schema.org","@graph":[{"@type":"WebPage","@id":"https:\/\/gea-magia.com\/proizvod\/tanjuric-br-2\/","url":"https:\/\/gea-magia.com\/proizvod\/tanjuric-br-2\/","name":"Tanjuri\u0107 br. 2 - Gea Magia","isPartOf":{"@id":"https:\/\/gea-magia.com\/hr\/#website"},"primaryImageOfPage":{"@id":"https:\/\/gea-magia.com\/proizvod\/tanjuric-br-2\/#primaryimage"},"image":{"@id":"https:\/\/gea-magia.com\/proizvod\/tanjuric-br-2\/#primaryimage"},"thumbnailUrl":"https:\/\/gea-magia.com\/wp-content\/uploads\/2023\/11\/20241011_1321462-scaled.jpg","datePublished":"2023-11-07T09:18:51+00:00","dateModified":"2026-04-14T19:57:09+00:00","breadcrumb":{"@id":"https:\/\/gea-magia.com\/proizvod\/tanjuric-br-2\/#breadcrumb"},"inLanguage":"en-GB","potentialAction":[{"@type":"ReadAction","target":["https:\/\/gea-magia.com\/proizvod\/tanjuric-br-2\/"]}]},{"@type":"ImageObject","inLanguage":"en-GB","@id":"https:\/\/gea-magia.com\/proizvod\/tanjuric-br-2\/#primaryimage","url":"https:\/\/gea-magia.com\/wp-content\/uploads\/2023\/11\/20241011_1321462-scaled.jpg","contentUrl":"https:\/\/gea-magia.com\/wp-content\/uploads\/2023\/11\/20241011_1321462-scaled.jpg","width":1839,"height":2560},{"@type":"BreadcrumbList","@id":"https:\/\/gea-magia.com\/proizvod\/tanjuric-br-2\/#breadcrumb","itemListElement":[{"@type":"ListItem","position":1,"name":"Po\u010detna stranica","item":"https:\/\/gea-magia.com\/"},{"@type":"ListItem","position":2,"name":"Trgovina","item":"https:\/\/gea-magia.com\/hr\/trgovina\/"},{"@type":"ListItem","position":3,"name":"Tanjuri\u0107 br. 2"}]},{"@type":"WebSite","@id":"https:\/\/gea-magia.com\/hr\/#website","url":"https:\/\/gea-magia.com\/hr\/","name":"Gea Magia","description":"","publisher":{"@id":"https:\/\/gea-magia.com\/hr\/#organization"},"potentialAction":[{"@type":"SearchAction","target":{"@type":"EntryPoint","urlTemplate":"https:\/\/gea-magia.com\/hr\/?s={search_term_string}"},"query-input":{"@type":"PropertyValueSpecification","valueRequired":true,"valueName":"search_term_string"}}],"inLanguage":"en-GB"},{"@type":"Organization","@id":"https:\/\/gea-magia.com\/hr\/#organization","name":"Gea Magia","url":"https:\/\/gea-magia.com\/hr\/","logo":{"@type":"ImageObject","inLanguage":"en-GB","@id":"https:\/\/gea-magia.com\/hr\/#\/schema\/logo\/image\/","url":"https:\/\/gea-magia.com\/wp-content\/uploads\/2023\/06\/oie_transparent.webp","contentUrl":"https:\/\/gea-magia.com\/wp-content\/uploads\/2023\/06\/oie_transparent.webp","width":500,"height":500,"caption":"Gea Magia"},"image":{"@id":"https:\/\/gea-magia.com\/hr\/#\/schema\/logo\/image\/"},"sameAs":["https:\/\/www.instagram.com\/gea.magia"]}]}},"_links":{"self":[{"href":"https:\/\/gea-magia.com\/en\/wp-json\/wp\/v2\/product\/1077","targetHints":{"allow":["GET"]}}],"collection":[{"href":"https:\/\/gea-magia.com\/en\/wp-json\/wp\/v2\/product"}],"about":[{"href":"https:\/\/gea-magia.com\/en\/wp-json\/wp\/v2\/types\/product"}],"replies":[{"embeddable":true,"href":"https:\/\/gea-magia.com\/en\/wp-json\/wp\/v2\/comments?post=1077"}],"version-history":[{"count":6,"href":"https:\/\/gea-magia.com\/en\/wp-json\/wp\/v2\/product\/1077\/revisions"}],"predecessor-version":[{"id":2361,"href":"https:\/\/gea-magia.com\/en\/wp-json\/wp\/v2\/product\/1077\/revisions\/2361"}],"wp:featuredmedia":[{"embeddable":true,"href":"https:\/\/gea-magia.com\/en\/wp-json\/wp\/v2\/media\/1728"}],"wp:attachment":[{"href":"https:\/\/gea-magia.com\/en\/wp-json\/wp\/v2\/media?parent=1077"}],"wp:term":[{"taxonomy":"product_brand","embeddable":true,"href":"https:\/\/gea-magia.com\/en\/wp-json\/wp\/v2\/product_brand?post=1077"},{"taxonomy":"product_cat","embeddable":true,"href":"https:\/\/gea-magia.com\/en\/wp-json\/wp\/v2\/product_cat?post=1077"},{"taxonomy":"product_tag","embeddable":true,"href":"https:\/\/gea-magia.com\/en\/wp-json\/wp\/v2\/product_tag?post=1077"}],"curies":[{"name":"wp","href":"https:\/\/api.w.org\/{rel}","templated":true}]}}