{"id":1751,"date":"2024-10-12T10:19:08","date_gmt":"2024-10-12T08:19:08","guid":{"rendered":"https:\/\/gea-magia.com\/?post_type=product&#038;p=1751"},"modified":"2025-09-18T22:29:42","modified_gmt":"2025-09-18T20:29:42","slug":"grancica-no-4","status":"publish","type":"product","link":"https:\/\/gea-magia.com\/en\/product\/grancica-no-4\/","title":{"rendered":"Twig No. 4"},"content":{"rendered":"<p>&nbsp;<\/p>\n<p><span style=\"font-weight: 400;\">The proces of making a mug is long and requires a lot of patience, skill and attention. The mugs need to be handled with care. Dishwashing is not recommended, nor is placing them in the microwave oven as they contain real gold. Althought the design is the same, the mugs are not entirely identical as the crafting and hand-painting brings small imprefections and artistic freedom wherein the charm and the warmth of handmade object lies. Handmade mug is a perfect unique object as well as a dash of originality and special feeling in your home.<\/span><\/p>\n<p>Each cup arrives packed in its own box, on which there are no inscriptions or stickers, so that you can reuse it for your needs. When placing an order, I use used boxes and  protect cups with used materials whenever possible.<\/p>\n<p><span style=\"font-weight: 400;\">The height of the mug is 8,5 cm, volume is 4,2 dcl.\u00a0<\/span><\/p>","protected":false},"excerpt":{"rendered":"<p><span style=\"font-weight: 400;\">The ceramic mug is completely handmade. It is made of stoneware, a type of ceramic characterized by high durability and non-porousness. Hand painted with underglaze red color, outlined by embossing a real twig and glazed with transparent glaze. The color of the clay (cup) is light beige.  It is decorated with the application of real gold. The saucer for the cup is purchased separately.<\/span><\/p>","protected":false},"featured_media":1753,"comment_status":"open","ping_status":"closed","template":"","meta":{"_glsr_average":0,"_glsr_ranking":0,"_glsr_reviews":0},"product_brand":[],"product_cat":[46],"product_tag":[],"class_list":{"0":"post-1751","1":"product","2":"type-product","3":"status-publish","4":"has-post-thumbnail","6":"product_cat-grancica","8":"first","9":"instock","10":"taxable","11":"shipping-taxable","12":"purchasable","13":"product-type-simple"},"yoast_head":"<!-- This site is optimized with the Yoast SEO plugin v27.4 - https:\/\/yoast.com\/product\/yoast-seo-wordpress\/ -->\n<title>Gran\u010dica No. 4 - Gea Magia<\/title>\n<meta name=\"robots\" content=\"index, follow, max-snippet:-1, max-image-preview:large, max-video-preview:-1\" \/>\n<link rel=\"canonical\" href=\"https:\/\/gea-magia.com\/en\/product\/grancica-no-4\/\" \/>\n<meta property=\"og:locale\" content=\"en_GB\" \/>\n<meta property=\"og:type\" content=\"article\" \/>\n<meta property=\"og:title\" content=\"Gran\u010dica No. 4 - Gea Magia\" \/>\n<meta property=\"og:description\" content=\"Kerami\u010dka \u0161alica je u potpunosti ru\u010dni rad. Izra\u0111ena je od kamenine (stoneware), vrste keramike koju odlikuje visoka izdr\u017eljivost i neporoznost. Rukom obojana podglazurnom crvenom bojom, ukra\u0161ena utiskivanjem prave gran\u010dice i glazirana transparentnom glazurom. Boja gline (\u0161alice) je svijetlo be\u017e.\u00a0 Ukra\u0161ena je nano\u0161enjem pravog zlata. Tanjuri\u0107 za \u0161alicu se naru\u010duje odvojeno.\" \/>\n<meta property=\"og:url\" content=\"https:\/\/gea-magia.com\/en\/product\/grancica-no-4\/\" \/>\n<meta property=\"og:site_name\" content=\"Gea Magia\" \/>\n<meta property=\"article:modified_time\" content=\"2025-09-18T20:29:42+00:00\" \/>\n<meta property=\"og:image\" content=\"https:\/\/gea-magia.com\/wp-content\/uploads\/2024\/10\/20241011_1503352-scaled.jpg\" \/>\n\t<meta property=\"og:image:width\" content=\"1441\" \/>\n\t<meta property=\"og:image:height\" content=\"2560\" \/>\n\t<meta property=\"og:image:type\" content=\"image\/jpeg\" \/>\n<meta name=\"twitter:card\" content=\"summary_large_image\" \/>\n<meta name=\"twitter:label1\" content=\"Estimated reading time\" \/>\n\t<meta name=\"twitter:data1\" content=\"1 minute\" \/>\n<script type=\"application\/ld+json\" class=\"yoast-schema-graph\">{\"@context\":\"https:\\\/\\\/schema.org\",\"@graph\":[{\"@type\":\"WebPage\",\"@id\":\"https:\\\/\\\/gea-magia.com\\\/proizvod\\\/grancica-no-4\\\/\",\"url\":\"https:\\\/\\\/gea-magia.com\\\/proizvod\\\/grancica-no-4\\\/\",\"name\":\"Gran\u010dica No. 4 - Gea Magia\",\"isPartOf\":{\"@id\":\"https:\\\/\\\/gea-magia.com\\\/hr\\\/#website\"},\"primaryImageOfPage\":{\"@id\":\"https:\\\/\\\/gea-magia.com\\\/proizvod\\\/grancica-no-4\\\/#primaryimage\"},\"image\":{\"@id\":\"https:\\\/\\\/gea-magia.com\\\/proizvod\\\/grancica-no-4\\\/#primaryimage\"},\"thumbnailUrl\":\"https:\\\/\\\/gea-magia.com\\\/wp-content\\\/uploads\\\/2024\\\/10\\\/20241011_1503352-scaled.jpg\",\"datePublished\":\"2024-10-12T08:19:08+00:00\",\"dateModified\":\"2025-09-18T20:29:42+00:00\",\"breadcrumb\":{\"@id\":\"https:\\\/\\\/gea-magia.com\\\/proizvod\\\/grancica-no-4\\\/#breadcrumb\"},\"inLanguage\":\"en-GB\",\"potentialAction\":[{\"@type\":\"ReadAction\",\"target\":[\"https:\\\/\\\/gea-magia.com\\\/proizvod\\\/grancica-no-4\\\/\"]}]},{\"@type\":\"ImageObject\",\"inLanguage\":\"en-GB\",\"@id\":\"https:\\\/\\\/gea-magia.com\\\/proizvod\\\/grancica-no-4\\\/#primaryimage\",\"url\":\"https:\\\/\\\/gea-magia.com\\\/wp-content\\\/uploads\\\/2024\\\/10\\\/20241011_1503352-scaled.jpg\",\"contentUrl\":\"https:\\\/\\\/gea-magia.com\\\/wp-content\\\/uploads\\\/2024\\\/10\\\/20241011_1503352-scaled.jpg\",\"width\":1441,\"height\":2560},{\"@type\":\"BreadcrumbList\",\"@id\":\"https:\\\/\\\/gea-magia.com\\\/proizvod\\\/grancica-no-4\\\/#breadcrumb\",\"itemListElement\":[{\"@type\":\"ListItem\",\"position\":1,\"name\":\"Po\u010detna stranica\",\"item\":\"https:\\\/\\\/gea-magia.com\\\/\"},{\"@type\":\"ListItem\",\"position\":2,\"name\":\"Trgovina\",\"item\":\"https:\\\/\\\/gea-magia.com\\\/hr\\\/trgovina\\\/\"},{\"@type\":\"ListItem\",\"position\":3,\"name\":\"Gran\u010dica No. 4\"}]},{\"@type\":\"WebSite\",\"@id\":\"https:\\\/\\\/gea-magia.com\\\/hr\\\/#website\",\"url\":\"https:\\\/\\\/gea-magia.com\\\/hr\\\/\",\"name\":\"Gea Magia\",\"description\":\"\",\"publisher\":{\"@id\":\"https:\\\/\\\/gea-magia.com\\\/hr\\\/#organization\"},\"potentialAction\":[{\"@type\":\"SearchAction\",\"target\":{\"@type\":\"EntryPoint\",\"urlTemplate\":\"https:\\\/\\\/gea-magia.com\\\/hr\\\/?s={search_term_string}\"},\"query-input\":{\"@type\":\"PropertyValueSpecification\",\"valueRequired\":true,\"valueName\":\"search_term_string\"}}],\"inLanguage\":\"en-GB\"},{\"@type\":\"Organization\",\"@id\":\"https:\\\/\\\/gea-magia.com\\\/hr\\\/#organization\",\"name\":\"Gea Magia\",\"url\":\"https:\\\/\\\/gea-magia.com\\\/hr\\\/\",\"logo\":{\"@type\":\"ImageObject\",\"inLanguage\":\"en-GB\",\"@id\":\"https:\\\/\\\/gea-magia.com\\\/hr\\\/#\\\/schema\\\/logo\\\/image\\\/\",\"url\":\"https:\\\/\\\/gea-magia.com\\\/wp-content\\\/uploads\\\/2023\\\/06\\\/oie_transparent.webp\",\"contentUrl\":\"https:\\\/\\\/gea-magia.com\\\/wp-content\\\/uploads\\\/2023\\\/06\\\/oie_transparent.webp\",\"width\":500,\"height\":500,\"caption\":\"Gea Magia\"},\"image\":{\"@id\":\"https:\\\/\\\/gea-magia.com\\\/hr\\\/#\\\/schema\\\/logo\\\/image\\\/\"},\"sameAs\":[\"https:\\\/\\\/www.instagram.com\\\/gea.magia\"]}]}<\/script>\n<!-- \/ Yoast SEO plugin. -->","yoast_head_json":{"title":"Gran\u010dica No. 4 - Gea Magia","robots":{"index":"index","follow":"follow","max-snippet":"max-snippet:-1","max-image-preview":"max-image-preview:large","max-video-preview":"max-video-preview:-1"},"canonical":"https:\/\/gea-magia.com\/en\/product\/grancica-no-4\/","og_locale":"en_GB","og_type":"article","og_title":"Gran\u010dica No. 4 - Gea Magia","og_description":"Kerami\u010dka \u0161alica je u potpunosti ru\u010dni rad. Izra\u0111ena je od kamenine (stoneware), vrste keramike koju odlikuje visoka izdr\u017eljivost i neporoznost. Rukom obojana podglazurnom crvenom bojom, ukra\u0161ena utiskivanjem prave gran\u010dice i glazirana transparentnom glazurom. Boja gline (\u0161alice) je svijetlo be\u017e.\u00a0 Ukra\u0161ena je nano\u0161enjem pravog zlata. Tanjuri\u0107 za \u0161alicu se naru\u010duje odvojeno.","og_url":"https:\/\/gea-magia.com\/en\/product\/grancica-no-4\/","og_site_name":"Gea Magia","article_modified_time":"2025-09-18T20:29:42+00:00","og_image":[{"width":1441,"height":2560,"url":"https:\/\/gea-magia.com\/wp-content\/uploads\/2024\/10\/20241011_1503352-scaled.jpg","type":"image\/jpeg"}],"twitter_card":"summary_large_image","twitter_misc":{"Estimated reading time":"1 minute"},"schema":{"@context":"https:\/\/schema.org","@graph":[{"@type":"WebPage","@id":"https:\/\/gea-magia.com\/proizvod\/grancica-no-4\/","url":"https:\/\/gea-magia.com\/proizvod\/grancica-no-4\/","name":"Gran\u010dica No. 4 - Gea Magia","isPartOf":{"@id":"https:\/\/gea-magia.com\/hr\/#website"},"primaryImageOfPage":{"@id":"https:\/\/gea-magia.com\/proizvod\/grancica-no-4\/#primaryimage"},"image":{"@id":"https:\/\/gea-magia.com\/proizvod\/grancica-no-4\/#primaryimage"},"thumbnailUrl":"https:\/\/gea-magia.com\/wp-content\/uploads\/2024\/10\/20241011_1503352-scaled.jpg","datePublished":"2024-10-12T08:19:08+00:00","dateModified":"2025-09-18T20:29:42+00:00","breadcrumb":{"@id":"https:\/\/gea-magia.com\/proizvod\/grancica-no-4\/#breadcrumb"},"inLanguage":"en-GB","potentialAction":[{"@type":"ReadAction","target":["https:\/\/gea-magia.com\/proizvod\/grancica-no-4\/"]}]},{"@type":"ImageObject","inLanguage":"en-GB","@id":"https:\/\/gea-magia.com\/proizvod\/grancica-no-4\/#primaryimage","url":"https:\/\/gea-magia.com\/wp-content\/uploads\/2024\/10\/20241011_1503352-scaled.jpg","contentUrl":"https:\/\/gea-magia.com\/wp-content\/uploads\/2024\/10\/20241011_1503352-scaled.jpg","width":1441,"height":2560},{"@type":"BreadcrumbList","@id":"https:\/\/gea-magia.com\/proizvod\/grancica-no-4\/#breadcrumb","itemListElement":[{"@type":"ListItem","position":1,"name":"Po\u010detna stranica","item":"https:\/\/gea-magia.com\/"},{"@type":"ListItem","position":2,"name":"Trgovina","item":"https:\/\/gea-magia.com\/hr\/trgovina\/"},{"@type":"ListItem","position":3,"name":"Gran\u010dica No. 4"}]},{"@type":"WebSite","@id":"https:\/\/gea-magia.com\/hr\/#website","url":"https:\/\/gea-magia.com\/hr\/","name":"Gea Magia","description":"","publisher":{"@id":"https:\/\/gea-magia.com\/hr\/#organization"},"potentialAction":[{"@type":"SearchAction","target":{"@type":"EntryPoint","urlTemplate":"https:\/\/gea-magia.com\/hr\/?s={search_term_string}"},"query-input":{"@type":"PropertyValueSpecification","valueRequired":true,"valueName":"search_term_string"}}],"inLanguage":"en-GB"},{"@type":"Organization","@id":"https:\/\/gea-magia.com\/hr\/#organization","name":"Gea Magia","url":"https:\/\/gea-magia.com\/hr\/","logo":{"@type":"ImageObject","inLanguage":"en-GB","@id":"https:\/\/gea-magia.com\/hr\/#\/schema\/logo\/image\/","url":"https:\/\/gea-magia.com\/wp-content\/uploads\/2023\/06\/oie_transparent.webp","contentUrl":"https:\/\/gea-magia.com\/wp-content\/uploads\/2023\/06\/oie_transparent.webp","width":500,"height":500,"caption":"Gea Magia"},"image":{"@id":"https:\/\/gea-magia.com\/hr\/#\/schema\/logo\/image\/"},"sameAs":["https:\/\/www.instagram.com\/gea.magia"]}]}},"_links":{"self":[{"href":"https:\/\/gea-magia.com\/en\/wp-json\/wp\/v2\/product\/1751","targetHints":{"allow":["GET"]}}],"collection":[{"href":"https:\/\/gea-magia.com\/en\/wp-json\/wp\/v2\/product"}],"about":[{"href":"https:\/\/gea-magia.com\/en\/wp-json\/wp\/v2\/types\/product"}],"replies":[{"embeddable":true,"href":"https:\/\/gea-magia.com\/en\/wp-json\/wp\/v2\/comments?post=1751"}],"version-history":[{"count":2,"href":"https:\/\/gea-magia.com\/en\/wp-json\/wp\/v2\/product\/1751\/revisions"}],"predecessor-version":[{"id":1786,"href":"https:\/\/gea-magia.com\/en\/wp-json\/wp\/v2\/product\/1751\/revisions\/1786"}],"wp:featuredmedia":[{"embeddable":true,"href":"https:\/\/gea-magia.com\/en\/wp-json\/wp\/v2\/media\/1753"}],"wp:attachment":[{"href":"https:\/\/gea-magia.com\/en\/wp-json\/wp\/v2\/media?parent=1751"}],"wp:term":[{"taxonomy":"product_brand","embeddable":true,"href":"https:\/\/gea-magia.com\/en\/wp-json\/wp\/v2\/product_brand?post=1751"},{"taxonomy":"product_cat","embeddable":true,"href":"https:\/\/gea-magia.com\/en\/wp-json\/wp\/v2\/product_cat?post=1751"},{"taxonomy":"product_tag","embeddable":true,"href":"https:\/\/gea-magia.com\/en\/wp-json\/wp\/v2\/product_tag?post=1751"}],"curies":[{"name":"wp","href":"https:\/\/api.w.org\/{rel}","templated":true}]}}