{"id":2301,"date":"2026-02-25T16:37:44","date_gmt":"2026-02-25T15:37:44","guid":{"rendered":"https:\/\/gea-magia.com\/?post_type=product&#038;p=2301"},"modified":"2026-04-14T15:03:25","modified_gmt":"2026-04-14T13:03:25","slug":"crni-listic","status":"publish","type":"product","link":"https:\/\/gea-magia.com\/en\/product\/crni-listic\/","title":{"rendered":"Crni listi\u0107"},"content":{"rendered":"<p>&nbsp;<\/p>\n<p><span style=\"font-weight: 400;\">The proces of making a mug is long and requires a lot of patience, skill and attention. The mugs need to be handled with care. Dishwashing is not recommended, nor is placing them in the microwave oven as they contain real gold. Althought the design is the same, the mugs are not entirely identical as the crafting and hand-painting brings small imprefections and artistic freedom wherein the charm and the warmth of handmade object lies. Handmade mug is a perfect unique object as well as a dash of originality and special feeling in your home.<\/span><\/p>\n<p>Each cup arrives packed in its own box, on which there are no inscriptions or stickers, so that you can reuse it for your needs. When placing an order, I use used boxes and  protect cups with used materials whenever possible.<\/p>\n<p><span style=\"font-weight: 400;\">Visina \u0161alice oko 10-11 cm, volumen je 4 dcl.\u00a0<\/span><\/p>","protected":false},"excerpt":{"rendered":"<p><span style=\"font-weight: 400;\">Kerami\u010dka \u0161alica je u potpunosti ru\u010dni rad. Izra\u0111ena je od kamenine (stoneware), vrste keramike koju odlikuje visoka izdr\u017eljivost i neporoznost. Boja gline (\u0161alice) je svijetlo be\u017e.\u00a0 Ukra\u0161ena je nano\u0161enjem pravog zlata. Tanjuri\u0107 za \u0161alicu se naru\u010duje odvojeno.<\/span><\/p>\n<p>&nbsp;<\/p>","protected":false},"featured_media":2329,"comment_status":"open","ping_status":"closed","template":"","meta":{"_glsr_average":0,"_glsr_ranking":0,"_glsr_reviews":0},"product_brand":[],"product_cat":[16],"product_tag":[],"class_list":{"0":"post-2301","1":"product","2":"type-product","3":"status-publish","4":"has-post-thumbnail","6":"product_cat-list","8":"first","9":"instock","10":"featured","11":"taxable","12":"shipping-taxable","13":"purchasable","14":"product-type-simple"},"yoast_head":"<!-- This site is optimized with the Yoast SEO plugin v27.4 - https:\/\/yoast.com\/product\/yoast-seo-wordpress\/ -->\n<title>Crni listi\u0107 - Gea Magia<\/title>\n<meta name=\"robots\" content=\"index, follow, max-snippet:-1, max-image-preview:large, max-video-preview:-1\" \/>\n<link rel=\"canonical\" href=\"https:\/\/gea-magia.com\/en\/product\/crni-listic\/\" \/>\n<meta property=\"og:locale\" content=\"en_GB\" \/>\n<meta property=\"og:type\" content=\"article\" \/>\n<meta property=\"og:title\" content=\"Crni listi\u0107 - Gea Magia\" \/>\n<meta property=\"og:description\" content=\"Kerami\u010dka \u0161alica je u potpunosti ru\u010dni rad. Izra\u0111ena je od kamenine (stoneware), vrste keramike koju odlikuje visoka izdr\u017eljivost i neporoznost. Boja gline (\u0161alice) je svijetlo be\u017e.\u00a0 Ukra\u0161ena je nano\u0161enjem pravog zlata. Tanjuri\u0107 za \u0161alicu se naru\u010duje odvojeno.  &nbsp;\" \/>\n<meta property=\"og:url\" content=\"https:\/\/gea-magia.com\/en\/product\/crni-listic\/\" \/>\n<meta property=\"og:site_name\" content=\"Gea Magia\" \/>\n<meta property=\"article:modified_time\" content=\"2026-04-14T13:03:25+00:00\" \/>\n<meta property=\"og:image\" content=\"https:\/\/gea-magia.com\/wp-content\/uploads\/2026\/02\/1000027865.jpg\" \/>\n\t<meta property=\"og:image:width\" content=\"2131\" \/>\n\t<meta property=\"og:image:height\" content=\"2409\" \/>\n\t<meta property=\"og:image:type\" content=\"image\/jpeg\" \/>\n<meta name=\"twitter:card\" content=\"summary_large_image\" \/>\n<meta name=\"twitter:label1\" content=\"Estimated reading time\" \/>\n\t<meta name=\"twitter:data1\" content=\"1 minute\" \/>\n<script type=\"application\/ld+json\" class=\"yoast-schema-graph\">{\"@context\":\"https:\\\/\\\/schema.org\",\"@graph\":[{\"@type\":\"WebPage\",\"@id\":\"https:\\\/\\\/gea-magia.com\\\/proizvod\\\/crni-listic\\\/\",\"url\":\"https:\\\/\\\/gea-magia.com\\\/proizvod\\\/crni-listic\\\/\",\"name\":\"Crni listi\u0107 - Gea Magia\",\"isPartOf\":{\"@id\":\"https:\\\/\\\/gea-magia.com\\\/hr\\\/#website\"},\"primaryImageOfPage\":{\"@id\":\"https:\\\/\\\/gea-magia.com\\\/proizvod\\\/crni-listic\\\/#primaryimage\"},\"image\":{\"@id\":\"https:\\\/\\\/gea-magia.com\\\/proizvod\\\/crni-listic\\\/#primaryimage\"},\"thumbnailUrl\":\"https:\\\/\\\/gea-magia.com\\\/wp-content\\\/uploads\\\/2026\\\/02\\\/1000027865.jpg\",\"datePublished\":\"2026-02-25T15:37:44+00:00\",\"dateModified\":\"2026-04-14T13:03:25+00:00\",\"breadcrumb\":{\"@id\":\"https:\\\/\\\/gea-magia.com\\\/proizvod\\\/crni-listic\\\/#breadcrumb\"},\"inLanguage\":\"en-GB\",\"potentialAction\":[{\"@type\":\"ReadAction\",\"target\":[\"https:\\\/\\\/gea-magia.com\\\/proizvod\\\/crni-listic\\\/\"]}]},{\"@type\":\"ImageObject\",\"inLanguage\":\"en-GB\",\"@id\":\"https:\\\/\\\/gea-magia.com\\\/proizvod\\\/crni-listic\\\/#primaryimage\",\"url\":\"https:\\\/\\\/gea-magia.com\\\/wp-content\\\/uploads\\\/2026\\\/02\\\/1000027865.jpg\",\"contentUrl\":\"https:\\\/\\\/gea-magia.com\\\/wp-content\\\/uploads\\\/2026\\\/02\\\/1000027865.jpg\",\"width\":2131,\"height\":2409},{\"@type\":\"BreadcrumbList\",\"@id\":\"https:\\\/\\\/gea-magia.com\\\/proizvod\\\/crni-listic\\\/#breadcrumb\",\"itemListElement\":[{\"@type\":\"ListItem\",\"position\":1,\"name\":\"Po\u010detna stranica\",\"item\":\"https:\\\/\\\/gea-magia.com\\\/\"},{\"@type\":\"ListItem\",\"position\":2,\"name\":\"Trgovina\",\"item\":\"https:\\\/\\\/gea-magia.com\\\/hr\\\/trgovina\\\/\"},{\"@type\":\"ListItem\",\"position\":3,\"name\":\"Crni listi\u0107\"}]},{\"@type\":\"WebSite\",\"@id\":\"https:\\\/\\\/gea-magia.com\\\/hr\\\/#website\",\"url\":\"https:\\\/\\\/gea-magia.com\\\/hr\\\/\",\"name\":\"Gea Magia\",\"description\":\"\",\"publisher\":{\"@id\":\"https:\\\/\\\/gea-magia.com\\\/hr\\\/#organization\"},\"potentialAction\":[{\"@type\":\"SearchAction\",\"target\":{\"@type\":\"EntryPoint\",\"urlTemplate\":\"https:\\\/\\\/gea-magia.com\\\/hr\\\/?s={search_term_string}\"},\"query-input\":{\"@type\":\"PropertyValueSpecification\",\"valueRequired\":true,\"valueName\":\"search_term_string\"}}],\"inLanguage\":\"en-GB\"},{\"@type\":\"Organization\",\"@id\":\"https:\\\/\\\/gea-magia.com\\\/hr\\\/#organization\",\"name\":\"Gea Magia\",\"url\":\"https:\\\/\\\/gea-magia.com\\\/hr\\\/\",\"logo\":{\"@type\":\"ImageObject\",\"inLanguage\":\"en-GB\",\"@id\":\"https:\\\/\\\/gea-magia.com\\\/hr\\\/#\\\/schema\\\/logo\\\/image\\\/\",\"url\":\"https:\\\/\\\/gea-magia.com\\\/wp-content\\\/uploads\\\/2023\\\/06\\\/oie_transparent.webp\",\"contentUrl\":\"https:\\\/\\\/gea-magia.com\\\/wp-content\\\/uploads\\\/2023\\\/06\\\/oie_transparent.webp\",\"width\":500,\"height\":500,\"caption\":\"Gea Magia\"},\"image\":{\"@id\":\"https:\\\/\\\/gea-magia.com\\\/hr\\\/#\\\/schema\\\/logo\\\/image\\\/\"},\"sameAs\":[\"https:\\\/\\\/www.instagram.com\\\/gea.magia\"]}]}<\/script>\n<!-- \/ Yoast SEO plugin. -->","yoast_head_json":{"title":"Crni listi\u0107 - Gea Magia","robots":{"index":"index","follow":"follow","max-snippet":"max-snippet:-1","max-image-preview":"max-image-preview:large","max-video-preview":"max-video-preview:-1"},"canonical":"https:\/\/gea-magia.com\/en\/product\/crni-listic\/","og_locale":"en_GB","og_type":"article","og_title":"Crni listi\u0107 - Gea Magia","og_description":"Kerami\u010dka \u0161alica je u potpunosti ru\u010dni rad. Izra\u0111ena je od kamenine (stoneware), vrste keramike koju odlikuje visoka izdr\u017eljivost i neporoznost. Boja gline (\u0161alice) je svijetlo be\u017e.\u00a0 Ukra\u0161ena je nano\u0161enjem pravog zlata. Tanjuri\u0107 za \u0161alicu se naru\u010duje odvojeno.  &nbsp;","og_url":"https:\/\/gea-magia.com\/en\/product\/crni-listic\/","og_site_name":"Gea Magia","article_modified_time":"2026-04-14T13:03:25+00:00","og_image":[{"width":2131,"height":2409,"url":"https:\/\/gea-magia.com\/wp-content\/uploads\/2026\/02\/1000027865.jpg","type":"image\/jpeg"}],"twitter_card":"summary_large_image","twitter_misc":{"Estimated reading time":"1 minute"},"schema":{"@context":"https:\/\/schema.org","@graph":[{"@type":"WebPage","@id":"https:\/\/gea-magia.com\/proizvod\/crni-listic\/","url":"https:\/\/gea-magia.com\/proizvod\/crni-listic\/","name":"Crni listi\u0107 - Gea Magia","isPartOf":{"@id":"https:\/\/gea-magia.com\/hr\/#website"},"primaryImageOfPage":{"@id":"https:\/\/gea-magia.com\/proizvod\/crni-listic\/#primaryimage"},"image":{"@id":"https:\/\/gea-magia.com\/proizvod\/crni-listic\/#primaryimage"},"thumbnailUrl":"https:\/\/gea-magia.com\/wp-content\/uploads\/2026\/02\/1000027865.jpg","datePublished":"2026-02-25T15:37:44+00:00","dateModified":"2026-04-14T13:03:25+00:00","breadcrumb":{"@id":"https:\/\/gea-magia.com\/proizvod\/crni-listic\/#breadcrumb"},"inLanguage":"en-GB","potentialAction":[{"@type":"ReadAction","target":["https:\/\/gea-magia.com\/proizvod\/crni-listic\/"]}]},{"@type":"ImageObject","inLanguage":"en-GB","@id":"https:\/\/gea-magia.com\/proizvod\/crni-listic\/#primaryimage","url":"https:\/\/gea-magia.com\/wp-content\/uploads\/2026\/02\/1000027865.jpg","contentUrl":"https:\/\/gea-magia.com\/wp-content\/uploads\/2026\/02\/1000027865.jpg","width":2131,"height":2409},{"@type":"BreadcrumbList","@id":"https:\/\/gea-magia.com\/proizvod\/crni-listic\/#breadcrumb","itemListElement":[{"@type":"ListItem","position":1,"name":"Po\u010detna stranica","item":"https:\/\/gea-magia.com\/"},{"@type":"ListItem","position":2,"name":"Trgovina","item":"https:\/\/gea-magia.com\/hr\/trgovina\/"},{"@type":"ListItem","position":3,"name":"Crni listi\u0107"}]},{"@type":"WebSite","@id":"https:\/\/gea-magia.com\/hr\/#website","url":"https:\/\/gea-magia.com\/hr\/","name":"Gea Magia","description":"","publisher":{"@id":"https:\/\/gea-magia.com\/hr\/#organization"},"potentialAction":[{"@type":"SearchAction","target":{"@type":"EntryPoint","urlTemplate":"https:\/\/gea-magia.com\/hr\/?s={search_term_string}"},"query-input":{"@type":"PropertyValueSpecification","valueRequired":true,"valueName":"search_term_string"}}],"inLanguage":"en-GB"},{"@type":"Organization","@id":"https:\/\/gea-magia.com\/hr\/#organization","name":"Gea Magia","url":"https:\/\/gea-magia.com\/hr\/","logo":{"@type":"ImageObject","inLanguage":"en-GB","@id":"https:\/\/gea-magia.com\/hr\/#\/schema\/logo\/image\/","url":"https:\/\/gea-magia.com\/wp-content\/uploads\/2023\/06\/oie_transparent.webp","contentUrl":"https:\/\/gea-magia.com\/wp-content\/uploads\/2023\/06\/oie_transparent.webp","width":500,"height":500,"caption":"Gea Magia"},"image":{"@id":"https:\/\/gea-magia.com\/hr\/#\/schema\/logo\/image\/"},"sameAs":["https:\/\/www.instagram.com\/gea.magia"]}]}},"_links":{"self":[{"href":"https:\/\/gea-magia.com\/en\/wp-json\/wp\/v2\/product\/2301","targetHints":{"allow":["GET"]}}],"collection":[{"href":"https:\/\/gea-magia.com\/en\/wp-json\/wp\/v2\/product"}],"about":[{"href":"https:\/\/gea-magia.com\/en\/wp-json\/wp\/v2\/types\/product"}],"replies":[{"embeddable":true,"href":"https:\/\/gea-magia.com\/en\/wp-json\/wp\/v2\/comments?post=2301"}],"version-history":[{"count":4,"href":"https:\/\/gea-magia.com\/en\/wp-json\/wp\/v2\/product\/2301\/revisions"}],"predecessor-version":[{"id":2333,"href":"https:\/\/gea-magia.com\/en\/wp-json\/wp\/v2\/product\/2301\/revisions\/2333"}],"wp:featuredmedia":[{"embeddable":true,"href":"https:\/\/gea-magia.com\/en\/wp-json\/wp\/v2\/media\/2329"}],"wp:attachment":[{"href":"https:\/\/gea-magia.com\/en\/wp-json\/wp\/v2\/media?parent=2301"}],"wp:term":[{"taxonomy":"product_brand","embeddable":true,"href":"https:\/\/gea-magia.com\/en\/wp-json\/wp\/v2\/product_brand?post=2301"},{"taxonomy":"product_cat","embeddable":true,"href":"https:\/\/gea-magia.com\/en\/wp-json\/wp\/v2\/product_cat?post=2301"},{"taxonomy":"product_tag","embeddable":true,"href":"https:\/\/gea-magia.com\/en\/wp-json\/wp\/v2\/product_tag?post=2301"}],"curies":[{"name":"wp","href":"https:\/\/api.w.org\/{rel}","templated":true}]}}