{"id":46,"date":"2023-05-31T16:40:06","date_gmt":"2023-05-31T14:40:06","guid":{"rendered":"https:\/\/www.plus.vijuga.com\/trgovina\/?post_type=product&#038;p=46"},"modified":"2025-12-17T19:34:14","modified_gmt":"2025-12-17T18:34:14","slug":"bozicna-salica-sipak","status":"publish","type":"product","link":"https:\/\/gea-magia.com\/en\/product\/bozicna-salica-sipak\/","title":{"rendered":"Christmas Rosehip mug"},"content":{"rendered":"<p><span style=\"font-weight: 400;\">The process of making one cup is long and requires a lot of patience, skill and attention. It is necessary to treat the cup with care. It is not recommended to wash in a dishwasher, nor to use in a microwave oven because gold has been applied. Although they are of the same design, the cups are not completely the same, namely the hand-crafting and painting brings small irregularities and freedom of the artist, which is precisely the charm and warmth of handmade objects. A handmade mug is the perfect unique gift, as well as a touch of originality and a special atmosphere in your home.<\/span><\/p>\n<p>Each cup arrives packed in its own box, on which there are no inscriptions or stickers, so that you can reuse it for your needs. When placing an order, I use used boxes and  protect cups with used materials whenever possible.<\/p>\n<p><span style=\"font-weight: 400;\">The height of the mug is 8 cm, volume is 4 dcl.<\/span><\/p>","protected":false},"excerpt":{"rendered":"<p><span style=\"font-weight: 400;\">Kerami\u010dka \u0161alica je u potpunosti ru\u010dni rad. Izra\u0111ena je od kamenine (stoneware), vrste keramike koju odlikuje visoka izdr\u017eljivost i neporoznost. Rukom ocrtana i obojana podglazurnim bojama i glazirana transparentnom glazurom. Boja gline (\u0161alice) je svijetlo be\u017e. Rubovi su ukra\u0161eni nano\u0161enjem pravog zlata. Tanjuri\u0107 za \u0161alicu se kupuje odvojeno.<\/span><\/p>","protected":false},"featured_media":1807,"comment_status":"open","ping_status":"closed","template":"","meta":{"_glsr_average":0,"_glsr_ranking":0,"_glsr_reviews":0},"product_brand":[],"product_cat":[35],"product_tag":[],"class_list":{"0":"post-46","1":"product","2":"type-product","3":"status-publish","4":"has-post-thumbnail","6":"product_cat-bozicne-salice","8":"first","9":"instock","10":"taxable","11":"shipping-taxable","12":"purchasable","13":"product-type-simple"},"yoast_head":"<!-- This site is optimized with the Yoast SEO plugin v27.4 - https:\/\/yoast.com\/product\/yoast-seo-wordpress\/ -->\n<title>Bo\u017ei\u0107na \u0161alica \u0161ipak - Gea Magia<\/title>\n<meta name=\"robots\" content=\"index, follow, max-snippet:-1, max-image-preview:large, max-video-preview:-1\" \/>\n<link rel=\"canonical\" href=\"https:\/\/gea-magia.com\/en\/product\/bozicna-salica-sipak\/\" \/>\n<meta property=\"og:locale\" content=\"en_GB\" \/>\n<meta property=\"og:type\" content=\"article\" \/>\n<meta property=\"og:title\" content=\"Bo\u017ei\u0107na \u0161alica \u0161ipak - Gea Magia\" \/>\n<meta property=\"og:description\" content=\"Kerami\u010dka \u0161alica je u potpunosti ru\u010dni rad. Izra\u0111ena je od kamenine (stoneware), vrste keramike koju odlikuje visoka izdr\u017eljivost i neporoznost. Rukom ocrtana i obojana podglazurnim bojama i glazirana transparentnom glazurom. Boja gline (\u0161alice) je svijetlo be\u017e. Rubovi su ukra\u0161eni nano\u0161enjem pravog zlata. Tanjuri\u0107 za \u0161alicu se kupuje odvojeno.\" \/>\n<meta property=\"og:url\" content=\"https:\/\/gea-magia.com\/en\/product\/bozicna-salica-sipak\/\" \/>\n<meta property=\"og:site_name\" content=\"Gea Magia\" \/>\n<meta property=\"article:modified_time\" content=\"2025-12-17T18:34:14+00:00\" \/>\n<meta property=\"og:image\" content=\"https:\/\/gea-magia.com\/wp-content\/uploads\/2023\/05\/20241028_1343562-scaled.jpg\" \/>\n\t<meta property=\"og:image:width\" content=\"1920\" \/>\n\t<meta property=\"og:image:height\" content=\"2560\" \/>\n\t<meta property=\"og:image:type\" content=\"image\/jpeg\" \/>\n<meta name=\"twitter:card\" content=\"summary_large_image\" \/>\n<meta name=\"twitter:label1\" content=\"Estimated reading time\" \/>\n\t<meta name=\"twitter:data1\" content=\"1 minute\" \/>\n<script type=\"application\/ld+json\" class=\"yoast-schema-graph\">{\"@context\":\"https:\\\/\\\/schema.org\",\"@graph\":[{\"@type\":\"WebPage\",\"@id\":\"https:\\\/\\\/gea-magia.com\\\/proizvod\\\/bozicna-salica-sipak\\\/\",\"url\":\"https:\\\/\\\/gea-magia.com\\\/proizvod\\\/bozicna-salica-sipak\\\/\",\"name\":\"Bo\u017ei\u0107na \u0161alica \u0161ipak - Gea Magia\",\"isPartOf\":{\"@id\":\"https:\\\/\\\/gea-magia.com\\\/hr\\\/#website\"},\"primaryImageOfPage\":{\"@id\":\"https:\\\/\\\/gea-magia.com\\\/proizvod\\\/bozicna-salica-sipak\\\/#primaryimage\"},\"image\":{\"@id\":\"https:\\\/\\\/gea-magia.com\\\/proizvod\\\/bozicna-salica-sipak\\\/#primaryimage\"},\"thumbnailUrl\":\"https:\\\/\\\/gea-magia.com\\\/wp-content\\\/uploads\\\/2023\\\/05\\\/20241028_1343562-scaled.jpg\",\"datePublished\":\"2023-05-31T14:40:06+00:00\",\"dateModified\":\"2025-12-17T18:34:14+00:00\",\"breadcrumb\":{\"@id\":\"https:\\\/\\\/gea-magia.com\\\/proizvod\\\/bozicna-salica-sipak\\\/#breadcrumb\"},\"inLanguage\":\"en-GB\",\"potentialAction\":[{\"@type\":\"ReadAction\",\"target\":[\"https:\\\/\\\/gea-magia.com\\\/proizvod\\\/bozicna-salica-sipak\\\/\"]}]},{\"@type\":\"ImageObject\",\"inLanguage\":\"en-GB\",\"@id\":\"https:\\\/\\\/gea-magia.com\\\/proizvod\\\/bozicna-salica-sipak\\\/#primaryimage\",\"url\":\"https:\\\/\\\/gea-magia.com\\\/wp-content\\\/uploads\\\/2023\\\/05\\\/20241028_1343562-scaled.jpg\",\"contentUrl\":\"https:\\\/\\\/gea-magia.com\\\/wp-content\\\/uploads\\\/2023\\\/05\\\/20241028_1343562-scaled.jpg\",\"width\":1920,\"height\":2560},{\"@type\":\"BreadcrumbList\",\"@id\":\"https:\\\/\\\/gea-magia.com\\\/proizvod\\\/bozicna-salica-sipak\\\/#breadcrumb\",\"itemListElement\":[{\"@type\":\"ListItem\",\"position\":1,\"name\":\"Po\u010detna stranica\",\"item\":\"https:\\\/\\\/gea-magia.com\\\/\"},{\"@type\":\"ListItem\",\"position\":2,\"name\":\"Trgovina\",\"item\":\"https:\\\/\\\/gea-magia.com\\\/hr\\\/trgovina\\\/\"},{\"@type\":\"ListItem\",\"position\":3,\"name\":\"Bo\u017ei\u0107na \u0161alica \u0161ipak\"}]},{\"@type\":\"WebSite\",\"@id\":\"https:\\\/\\\/gea-magia.com\\\/hr\\\/#website\",\"url\":\"https:\\\/\\\/gea-magia.com\\\/hr\\\/\",\"name\":\"Gea Magia\",\"description\":\"\",\"publisher\":{\"@id\":\"https:\\\/\\\/gea-magia.com\\\/hr\\\/#organization\"},\"potentialAction\":[{\"@type\":\"SearchAction\",\"target\":{\"@type\":\"EntryPoint\",\"urlTemplate\":\"https:\\\/\\\/gea-magia.com\\\/hr\\\/?s={search_term_string}\"},\"query-input\":{\"@type\":\"PropertyValueSpecification\",\"valueRequired\":true,\"valueName\":\"search_term_string\"}}],\"inLanguage\":\"en-GB\"},{\"@type\":\"Organization\",\"@id\":\"https:\\\/\\\/gea-magia.com\\\/hr\\\/#organization\",\"name\":\"Gea Magia\",\"url\":\"https:\\\/\\\/gea-magia.com\\\/hr\\\/\",\"logo\":{\"@type\":\"ImageObject\",\"inLanguage\":\"en-GB\",\"@id\":\"https:\\\/\\\/gea-magia.com\\\/hr\\\/#\\\/schema\\\/logo\\\/image\\\/\",\"url\":\"https:\\\/\\\/gea-magia.com\\\/wp-content\\\/uploads\\\/2023\\\/06\\\/oie_transparent.webp\",\"contentUrl\":\"https:\\\/\\\/gea-magia.com\\\/wp-content\\\/uploads\\\/2023\\\/06\\\/oie_transparent.webp\",\"width\":500,\"height\":500,\"caption\":\"Gea Magia\"},\"image\":{\"@id\":\"https:\\\/\\\/gea-magia.com\\\/hr\\\/#\\\/schema\\\/logo\\\/image\\\/\"},\"sameAs\":[\"https:\\\/\\\/www.instagram.com\\\/gea.magia\"]}]}<\/script>\n<!-- \/ Yoast SEO plugin. -->","yoast_head_json":{"title":"Bo\u017ei\u0107na \u0161alica \u0161ipak - Gea Magia","robots":{"index":"index","follow":"follow","max-snippet":"max-snippet:-1","max-image-preview":"max-image-preview:large","max-video-preview":"max-video-preview:-1"},"canonical":"https:\/\/gea-magia.com\/en\/product\/bozicna-salica-sipak\/","og_locale":"en_GB","og_type":"article","og_title":"Bo\u017ei\u0107na \u0161alica \u0161ipak - Gea Magia","og_description":"Kerami\u010dka \u0161alica je u potpunosti ru\u010dni rad. Izra\u0111ena je od kamenine (stoneware), vrste keramike koju odlikuje visoka izdr\u017eljivost i neporoznost. Rukom ocrtana i obojana podglazurnim bojama i glazirana transparentnom glazurom. Boja gline (\u0161alice) je svijetlo be\u017e. Rubovi su ukra\u0161eni nano\u0161enjem pravog zlata. Tanjuri\u0107 za \u0161alicu se kupuje odvojeno.","og_url":"https:\/\/gea-magia.com\/en\/product\/bozicna-salica-sipak\/","og_site_name":"Gea Magia","article_modified_time":"2025-12-17T18:34:14+00:00","og_image":[{"width":1920,"height":2560,"url":"https:\/\/gea-magia.com\/wp-content\/uploads\/2023\/05\/20241028_1343562-scaled.jpg","type":"image\/jpeg"}],"twitter_card":"summary_large_image","twitter_misc":{"Estimated reading time":"1 minute"},"schema":{"@context":"https:\/\/schema.org","@graph":[{"@type":"WebPage","@id":"https:\/\/gea-magia.com\/proizvod\/bozicna-salica-sipak\/","url":"https:\/\/gea-magia.com\/proizvod\/bozicna-salica-sipak\/","name":"Bo\u017ei\u0107na \u0161alica \u0161ipak - Gea Magia","isPartOf":{"@id":"https:\/\/gea-magia.com\/hr\/#website"},"primaryImageOfPage":{"@id":"https:\/\/gea-magia.com\/proizvod\/bozicna-salica-sipak\/#primaryimage"},"image":{"@id":"https:\/\/gea-magia.com\/proizvod\/bozicna-salica-sipak\/#primaryimage"},"thumbnailUrl":"https:\/\/gea-magia.com\/wp-content\/uploads\/2023\/05\/20241028_1343562-scaled.jpg","datePublished":"2023-05-31T14:40:06+00:00","dateModified":"2025-12-17T18:34:14+00:00","breadcrumb":{"@id":"https:\/\/gea-magia.com\/proizvod\/bozicna-salica-sipak\/#breadcrumb"},"inLanguage":"en-GB","potentialAction":[{"@type":"ReadAction","target":["https:\/\/gea-magia.com\/proizvod\/bozicna-salica-sipak\/"]}]},{"@type":"ImageObject","inLanguage":"en-GB","@id":"https:\/\/gea-magia.com\/proizvod\/bozicna-salica-sipak\/#primaryimage","url":"https:\/\/gea-magia.com\/wp-content\/uploads\/2023\/05\/20241028_1343562-scaled.jpg","contentUrl":"https:\/\/gea-magia.com\/wp-content\/uploads\/2023\/05\/20241028_1343562-scaled.jpg","width":1920,"height":2560},{"@type":"BreadcrumbList","@id":"https:\/\/gea-magia.com\/proizvod\/bozicna-salica-sipak\/#breadcrumb","itemListElement":[{"@type":"ListItem","position":1,"name":"Po\u010detna stranica","item":"https:\/\/gea-magia.com\/"},{"@type":"ListItem","position":2,"name":"Trgovina","item":"https:\/\/gea-magia.com\/hr\/trgovina\/"},{"@type":"ListItem","position":3,"name":"Bo\u017ei\u0107na \u0161alica \u0161ipak"}]},{"@type":"WebSite","@id":"https:\/\/gea-magia.com\/hr\/#website","url":"https:\/\/gea-magia.com\/hr\/","name":"Gea Magia","description":"","publisher":{"@id":"https:\/\/gea-magia.com\/hr\/#organization"},"potentialAction":[{"@type":"SearchAction","target":{"@type":"EntryPoint","urlTemplate":"https:\/\/gea-magia.com\/hr\/?s={search_term_string}"},"query-input":{"@type":"PropertyValueSpecification","valueRequired":true,"valueName":"search_term_string"}}],"inLanguage":"en-GB"},{"@type":"Organization","@id":"https:\/\/gea-magia.com\/hr\/#organization","name":"Gea Magia","url":"https:\/\/gea-magia.com\/hr\/","logo":{"@type":"ImageObject","inLanguage":"en-GB","@id":"https:\/\/gea-magia.com\/hr\/#\/schema\/logo\/image\/","url":"https:\/\/gea-magia.com\/wp-content\/uploads\/2023\/06\/oie_transparent.webp","contentUrl":"https:\/\/gea-magia.com\/wp-content\/uploads\/2023\/06\/oie_transparent.webp","width":500,"height":500,"caption":"Gea Magia"},"image":{"@id":"https:\/\/gea-magia.com\/hr\/#\/schema\/logo\/image\/"},"sameAs":["https:\/\/www.instagram.com\/gea.magia"]}]}},"_links":{"self":[{"href":"https:\/\/gea-magia.com\/en\/wp-json\/wp\/v2\/product\/46","targetHints":{"allow":["GET"]}}],"collection":[{"href":"https:\/\/gea-magia.com\/en\/wp-json\/wp\/v2\/product"}],"about":[{"href":"https:\/\/gea-magia.com\/en\/wp-json\/wp\/v2\/types\/product"}],"replies":[{"embeddable":true,"href":"https:\/\/gea-magia.com\/en\/wp-json\/wp\/v2\/comments?post=46"}],"version-history":[{"count":5,"href":"https:\/\/gea-magia.com\/en\/wp-json\/wp\/v2\/product\/46\/revisions"}],"predecessor-version":[{"id":2222,"href":"https:\/\/gea-magia.com\/en\/wp-json\/wp\/v2\/product\/46\/revisions\/2222"}],"wp:featuredmedia":[{"embeddable":true,"href":"https:\/\/gea-magia.com\/en\/wp-json\/wp\/v2\/media\/1807"}],"wp:attachment":[{"href":"https:\/\/gea-magia.com\/en\/wp-json\/wp\/v2\/media?parent=46"}],"wp:term":[{"taxonomy":"product_brand","embeddable":true,"href":"https:\/\/gea-magia.com\/en\/wp-json\/wp\/v2\/product_brand?post=46"},{"taxonomy":"product_cat","embeddable":true,"href":"https:\/\/gea-magia.com\/en\/wp-json\/wp\/v2\/product_cat?post=46"},{"taxonomy":"product_tag","embeddable":true,"href":"https:\/\/gea-magia.com\/en\/wp-json\/wp\/v2\/product_tag?post=46"}],"curies":[{"name":"wp","href":"https:\/\/api.w.org\/{rel}","templated":true}]}}